{"id":4380,"date":"2019-12-09T12:45:12","date_gmt":"2019-12-09T16:45:12","guid":{"rendered":"https:\/\/smokefreehousingondev.ca\/?page_id=4380"},"modified":"2025-09-18T12:57:09","modified_gmt":"2025-09-18T15:57:09","slug":"logements-sans-but-lucratif","status":"publish","type":"page","link":"https:\/\/smokefreehousingon.ca\/fr\/outils-et-ressources\/logements-sans-but-lucratif\/","title":{"rendered":"Logements sans but lucratif"},"content":{"rendered":"\t\t<div data-elementor-type=\"wp-page\" data-elementor-id=\"4380\" class=\"elementor elementor-4380 elementor-3895\" data-elementor-post-type=\"page\">\n\t\t\t\t<div class=\"elementor-element elementor-element-4b47abe1 e-con-full spacebullets e-flex e-con e-parent\" data-id=\"4b47abe1\" data-element_type=\"container\" data-e-type=\"container\">\n\t\t<div class=\"elementor-element elementor-element-16026a33 e-con-full e-flex e-con e-child\" data-id=\"16026a33\" data-element_type=\"container\" data-e-type=\"container\">\n\t\t\t\t<div class=\"elementor-element elementor-element-2e2a654b elementor-widget elementor-widget-heading\" data-id=\"2e2a654b\" data-element_type=\"widget\" data-e-type=\"widget\" data-widget_type=\"heading.default\">\n\t\t\t\t<div class=\"elementor-widget-container\">\n\t\t\t\t\t<h2 class=\"elementor-heading-title elementor-size-default\">Ressources pour devenir une propri\u00e9t\u00e9 sans fum\u00e9e<\/h2>\t\t\t\t<\/div>\n\t\t\t\t<\/div>\n\t\t\t\t<div class=\"elementor-element elementor-element-1e426a22 elementor-widget elementor-widget-text-editor\" data-id=\"1e426a22\" data-element_type=\"widget\" data-e-type=\"widget\" data-widget_type=\"text-editor.default\">\n\t\t\t\t<div class=\"elementor-widget-container\">\n\t\t\t\t\t\t\t\t\t<ul><li><a href=\"https:\/\/smokefreehousingon.ca\/wp-content\/uploads\/2015\/12\/non-profit-postcard.pdf\">Healthy homes are fueled by clean air<\/a><\/li><li><a href=\"https:\/\/smokefreehousingon.ca\/wp-content\/uploads\/2015\/12\/Business_Case_for_S-F_Housing_2014-FINAL.pdf\">Arguments en faveur des habitations sans fum\u00e9e<\/a> en <a href=\"https:\/\/smokefreehousingon.ca\/wp-content\/uploads\/2014\/10\/business-case-for-sf-housing-2014.pdf\">anglais<\/a>et en <a href=\"https:\/\/smokefreehousingon.ca\/wp-content\/uploads\/2015\/11\/business_case_for_s-f_housing_2014_fr.pdf\">fran\u00e7ais<\/a><\/li><li><a href=\"https:\/\/smokefreehousingon.ca\/wp-content\/uploads\/2013\/12\/social-justice-final.pdf\">Smoke-Free Affordable Housing: Picking on Poor People or a Case for Social Justice?<\/a><\/li><li><a href=\"https:\/\/smokefreehousingon.ca\/wp-content\/uploads\/2015\/12\/human_Rights_and_SF_MUDs.pdf\">Human Rights and No-Smoking Policies for Multi-Unit Housing<\/a><\/li><li><a href=\"https:\/\/smokefreehousingon.ca\/wp-content\/uploads\/2015\/12\/och-board-report-survey-results-dec-2013.pdf\">Ottawa Community Housing Board of Directors Report &amp; Survey Results<\/a><\/li><li>Rapport de l\u2019<a href=\"https:\/\/www.onpha.on.ca\/\" target=\"_blank\" rel=\"noopener\">Ontario Non-Profit Housing Association (ONPHA)<\/a> intitul\u00e9 \u00ab\u00a0Smoke-Free Multi-Residential Apartment Buildings\u00a0\u00bb. Acc\u00e9dez \u00e0 ce document en vous connectant \u00e0 la section des membres et en saisissant son titre dans la barre de recherche.<\/li><\/ul>\t\t\t\t\t\t\t\t<\/div>\n\t\t\t\t<\/div>\n\t\t\t\t<div class=\"elementor-element elementor-element-11a88589 elementor-widget elementor-widget-heading\" data-id=\"11a88589\" data-element_type=\"widget\" data-e-type=\"widget\" data-widget_type=\"heading.default\">\n\t\t\t\t<div class=\"elementor-widget-container\">\n\t\t\t\t\t<h2 class=\"elementor-heading-title elementor-size-default\">Politiques<\/h2>\t\t\t\t<\/div>\n\t\t\t\t<\/div>\n\t\t\t\t<div class=\"elementor-element elementor-element-464888d elementor-widget elementor-widget-text-editor\" data-id=\"464888d\" data-element_type=\"widget\" data-e-type=\"widget\" data-widget_type=\"text-editor.default\">\n\t\t\t\t<div class=\"elementor-widget-container\">\n\t\t\t\t\t\t\t\t\t<ul><li><a href=\"https:\/\/smokefreehousingon.ca\/wp-content\/uploads\/2015\/12\/Bruce_County_No_Smoking_Policy_2011.pdf\">Bruce County Housing Corporation<\/a><\/li><li><a href=\"https:\/\/smokefreehousingon.ca\/wp-content\/uploads\/2015\/12\/Grey_County_Committee_Report_2013.pdf\">Grey County &amp; Owen Sound Housing Corporation<\/a><\/li><li><a href=\"http:\/\/www.hastingscounty.com\/sites\/default\/files\/documents\/social-housing\/policy\/Housing%2520Services%2520Smoke%2520Free%2520Policy%2520Jan.%25202016%2520(1).pdf\" target=\"_blank\" rel=\"noopener\">Hastings Local Housing Corporation<\/a><\/li><li><a href=\"https:\/\/smokefreehousingon.ca\/wp-content\/uploads\/2015\/12\/Lambton_County_Smoke-Free_Policy_2010.pdf\">Lambton County Housing Services Department<\/a><\/li><li><a href=\"https:\/\/smokefreehousingon.ca\/wp-content\/uploads\/2015\/12\/Northumberland_County_2013.pdf\">Northumberland County Social Housing Corporation<\/a><\/li><li><a href=\"https:\/\/smokefreehousingon.ca\/wp-content\/uploads\/2015\/12\/OCH_no_smoking_policy-FINAL1.pdf\">Ottawa Community Housing Policy<\/a><br \/><a href=\"https:\/\/smokefreehousingon.ca\/wp-content\/uploads\/2015\/12\/Timiskaming_DSSAB_no-smoking_policy.pdf\">District of Timiskaming Social Services Administration Board<\/a><\/li><li><a href=\"https:\/\/www.wellington.ca\/media\/file\/housing-policysmoke-free\" target=\"_blank\" rel=\"noopener\">Wellington County Housing Services<\/a><\/li><\/ul>\t\t\t\t\t\t\t\t<\/div>\n\t\t\t\t<\/div>\n\t\t\t\t<\/div>\n\t\t<div class=\"elementor-element elementor-element-52382912 e-con-full e-flex e-con e-child\" data-id=\"52382912\" data-element_type=\"container\" data-e-type=\"container\">\n\t\t\t\t<div class=\"elementor-element elementor-element-37537c4c elementor-widget elementor-widget-heading\" data-id=\"37537c4c\" data-element_type=\"widget\" data-e-type=\"widget\" data-widget_type=\"heading.default\">\n\t\t\t\t<div class=\"elementor-widget-container\">\n\t\t\t\t\t<h2 class=\"elementor-heading-title elementor-size-default\">Culture du cannabis<\/h2>\t\t\t\t<\/div>\n\t\t\t\t<\/div>\n\t\t\t\t<div class=\"elementor-element elementor-element-1be6396f elementor-widget elementor-widget-text-editor\" data-id=\"1be6396f\" data-element_type=\"widget\" data-e-type=\"widget\" data-widget_type=\"text-editor.default\">\n\t\t\t\t<div class=\"elementor-widget-container\">\n\t\t\t\t\t\t\t\t\t<p><a href=\"http:\/\/www.ccnse.ca\/sites\/default\/files\/Fiche%2520de%2520Renseignments%2520-%2520Risques%2520pour%2520la%2520sant%25C3%25A9%2520environnementale%2520associ%25C3%25A9s%2520%25C3%25A0%2520la%2520culture%2520personnelle%2520de%2520cannabis%2520-%2520Oct%25202018.pdf\" target=\"_blank\" rel=\"noopener\">Fiche de renseignements sur la culture du cannabis<\/a><\/p>\t\t\t\t\t\t\t\t<\/div>\n\t\t\t\t<\/div>\n\t\t\t\t<div class=\"elementor-element elementor-element-3ffdb2d0 elementor-widget elementor-widget-heading\" data-id=\"3ffdb2d0\" data-element_type=\"widget\" data-e-type=\"widget\" data-widget_type=\"heading.default\">\n\t\t\t\t<div class=\"elementor-widget-container\">\n\t\t\t\t\t<h2 class=\"elementor-heading-title elementor-size-default\">Aide \u00e0 l\u2019abandon du tabac<\/h2>\t\t\t\t<\/div>\n\t\t\t\t<\/div>\n\t\t\t\t<div class=\"elementor-element elementor-element-474840bf elementor-widget elementor-widget-text-editor\" data-id=\"474840bf\" data-element_type=\"widget\" data-e-type=\"widget\" data-widget_type=\"text-editor.default\">\n\t\t\t\t<div class=\"elementor-widget-container\">\n\t\t\t\t\t\t\t\t\t<ul><li><a href=\"https:\/\/www.smokershelpline.ca\/s\/?language=fr\" target=\"_blank\" rel=\"noopener\">T\u00e9l\u00e9assistance pour fumeurs<\/a> (1-877-513-5333) offre un acc\u00e8s gratuit et confidentiel \u00e0 un sp\u00e9cialiste de l\u2019abandon qualifi\u00e9 par t\u00e9l\u00e9phone pour vous aider \u00e0 arr\u00eater de fumer.<\/li><li>Des interpr\u00e8tes sont disponibles.<\/li><li>T\u00e9l\u00e9assistance pour fumeurs \u2013 <a href=\"https:\/\/www.smokershelpline.ca\/s\/?language=fr\" target=\"_blank\" rel=\"noopener\">Aide en <\/a>ligne offre des astuces, outils et aides \u00e0 l\u2019abandon du tabac 24\u00a0h sur 24, 7\u00a0jours sur 7.<\/li><li>T\u00e9l\u00e9assistance pour fumeurs \u2013 <a href=\"https:\/\/csl.cancer.ca\/smokershelpline\/fr\" target=\"_blank\" rel=\"noopener\">Carte d\u2019abandon<\/a> \u00e9num\u00e8re les programmes et services d\u2019aide \u00e0 l\u2019abandon du tabac par lieu<\/li><li><a href=\"https:\/\/www.nicotinedependenceclinic.com\/en\/stop\/Pages\/SOR-Workshop-Finder.aspx\" target=\"_blank\" rel=\"noopener\">STOP on the Road<\/a> offre une th\u00e9rapie de remplacement de la nicotine et des conseils gratuitement<\/li><li><a href=\"https:\/\/www.alphaweb.org\/page\/PHU\" target=\"_blank\" rel=\"noopener\">Les bureaux de sant\u00e9 publique<\/a> offrent de l\u2019aide \u00e0 l\u2019abandon du tabac gratuitement<\/li><\/ul>\t\t\t\t\t\t\t\t<\/div>\n\t\t\t\t<\/div>\n\t\t\t\t<\/div>\n\t\t\t\t<\/div>\n\t\t\t\t<\/div>\n\t\t","protected":false},"excerpt":{"rendered":"<p>Ressources pour devenir une propri\u00e9t\u00e9 sans fum\u00e9e Healthy homes are fueled by clean air Arguments en faveur des habitations sans fum\u00e9e en anglaiset en fran\u00e7ais Smoke-Free Affordable Housing: Picking on Poor People or a Case for Social Justice? Human Rights and No-Smoking Policies for Multi-Unit Housing Ottawa Community Housing Board of Directors Report &amp; Survey [&hellip;]<\/p>\n","protected":false},"author":1,"featured_media":0,"parent":4131,"menu_order":0,"comment_status":"closed","ping_status":"closed","template":"","meta":{"footnotes":""},"class_list":["post-4380","page","type-page","status-publish","hentry"],"_links":{"self":[{"href":"https:\/\/smokefreehousingon.ca\/fr\/wp-json\/wp\/v2\/pages\/4380","targetHints":{"allow":["GET"]}}],"collection":[{"href":"https:\/\/smokefreehousingon.ca\/fr\/wp-json\/wp\/v2\/pages"}],"about":[{"href":"https:\/\/smokefreehousingon.ca\/fr\/wp-json\/wp\/v2\/types\/page"}],"author":[{"embeddable":true,"href":"https:\/\/smokefreehousingon.ca\/fr\/wp-json\/wp\/v2\/users\/1"}],"replies":[{"embeddable":true,"href":"https:\/\/smokefreehousingon.ca\/fr\/wp-json\/wp\/v2\/comments?post=4380"}],"version-history":[{"count":3,"href":"https:\/\/smokefreehousingon.ca\/fr\/wp-json\/wp\/v2\/pages\/4380\/revisions"}],"predecessor-version":[{"id":6378,"href":"https:\/\/smokefreehousingon.ca\/fr\/wp-json\/wp\/v2\/pages\/4380\/revisions\/6378"}],"up":[{"embeddable":true,"href":"https:\/\/smokefreehousingon.ca\/fr\/wp-json\/wp\/v2\/pages\/4131"}],"wp:attachment":[{"href":"https:\/\/smokefreehousingon.ca\/fr\/wp-json\/wp\/v2\/media?parent=4380"}],"curies":[{"name":"wp","href":"https:\/\/api.w.org\/{rel}","templated":true}]}}