{"id":4376,"date":"2019-12-09T12:41:53","date_gmt":"2019-12-09T16:41:53","guid":{"rendered":"https:\/\/smokefreehousingondev.ca\/?page_id=4376"},"modified":"2025-09-18T13:01:34","modified_gmt":"2025-09-18T16:01:34","slug":"cooperatives","status":"publish","type":"page","link":"https:\/\/smokefreehousingon.ca\/fr\/outils-et-ressources\/cooperatives\/","title":{"rendered":"Coop\u00e9ratives"},"content":{"rendered":"\t\t<div data-elementor-type=\"wp-page\" data-elementor-id=\"4376\" class=\"elementor elementor-4376 elementor-3893\" data-elementor-post-type=\"page\">\n\t\t\t\t<div class=\"elementor-element elementor-element-6c444e38 spacebullets e-flex e-con-boxed e-con e-parent\" data-id=\"6c444e38\" data-element_type=\"container\" data-e-type=\"container\">\n\t\t\t\t\t<div class=\"e-con-inner\">\n\t\t\t\t<div class=\"elementor-element elementor-element-2c82e6d6 elementor-widget elementor-widget-text-editor\" data-id=\"2c82e6d6\" data-element_type=\"widget\" data-e-type=\"widget\" data-widget_type=\"text-editor.default\">\n\t\t\t\t<div class=\"elementor-widget-container\">\n\t\t\t\t\t\t\t\t\t<p>Vous trouverez ci-dessous des ressources et outils pour vous renseigner sur la fum\u00e9e secondaire ou pour mettre en place une politique sans fum\u00e9e dans votre b\u00e2timent \u00a0:<\/p>\t\t\t\t\t\t\t\t<\/div>\n\t\t\t\t<\/div>\n\t\t\t\t\t<\/div>\n\t\t\t\t<\/div>\n\t\t<div class=\"elementor-element elementor-element-3b52ce48 e-con-full spacebullets e-flex e-con e-parent\" data-id=\"3b52ce48\" data-element_type=\"container\" data-e-type=\"container\">\n\t\t<div class=\"elementor-element elementor-element-55b843f7 e-con-full e-flex e-con e-child\" data-id=\"55b843f7\" data-element_type=\"container\" data-e-type=\"container\">\n\t\t\t\t<div class=\"elementor-element elementor-element-2356ff53 elementor-widget elementor-widget-heading\" data-id=\"2356ff53\" data-element_type=\"widget\" data-e-type=\"widget\" data-widget_type=\"heading.default\">\n\t\t\t\t<div class=\"elementor-widget-container\">\n\t\t\t\t\t<h2 class=\"elementor-heading-title elementor-size-default\">Ressources pour devenir une propri\u00e9t\u00e9 sans fum\u00e9e<\/h2>\t\t\t\t<\/div>\n\t\t\t\t<\/div>\n\t\t\t\t<div class=\"elementor-element elementor-element-5400407f elementor-widget elementor-widget-text-editor\" data-id=\"5400407f\" data-element_type=\"widget\" data-e-type=\"widget\" data-widget_type=\"text-editor.default\">\n\t\t\t\t<div class=\"elementor-widget-container\">\n\t\t\t\t\t\t\t\t\t<ul><li><a href=\"https:\/\/smokefreehousingon.ca\/wp-content\/uploads\/2015\/11\/Co_ops_and_smoke_free.pdf\">Coop\u00e9ratives d\u2019habitation et politiques sans fum\u00e9e<\/a> en <a href=\"https:\/\/smokefreehousingon.ca\/wp-content\/uploads\/2015\/11\/Co_ops_and_smoke_free.pdf\">anglais<\/a> et en <a href=\"https:\/\/smokefreehousingon.ca\/wp-content\/uploads\/2015\/11\/co_ops_and_smoke_free_fr-.pdf\">fran\u00e7ais<\/a><\/li><li><a href=\"https:\/\/smokefreehousingon.ca\/wp-content\/uploads\/2018\/03\/co-op-protocol-march-28-2018.pdf\">How to Implement a Smoke-free Policy: A Protocol for Housing Co-operatives<\/a><\/li><li><a href=\"https:\/\/smokefreehousingon.ca\/wp-content\/uploads\/2015\/12\/human_Rights_and_SF_MUDs.pdf\">Human Rights and No-Smoking Policies for Multi-Unit Dwellings<\/a><\/li><\/ul>\t\t\t\t\t\t\t\t<\/div>\n\t\t\t\t<\/div>\n\t\t\t\t<div class=\"elementor-element elementor-element-2db727a8 elementor-widget elementor-widget-heading\" data-id=\"2db727a8\" data-element_type=\"widget\" data-e-type=\"widget\" data-widget_type=\"heading.default\">\n\t\t\t\t<div class=\"elementor-widget-container\">\n\t\t\t\t\t<h2 class=\"elementor-heading-title elementor-size-default\">Outils pour devenir une propri\u00e9t\u00e9 sans fum\u00e9e (uniquement disponibles en anglais)<\/h2>\t\t\t\t<\/div>\n\t\t\t\t<\/div>\n\t\t\t\t<div class=\"elementor-element elementor-element-7aba0289 elementor-widget elementor-widget-text-editor\" data-id=\"7aba0289\" data-element_type=\"widget\" data-e-type=\"widget\" data-widget_type=\"text-editor.default\">\n\t\t\t\t<div class=\"elementor-widget-container\">\n\t\t\t\t\t\t\t\t\t<ul><li><a href=\"https:\/\/smokefreehousingon.ca\/wp-content\/uploads\/2015\/11\/sample_SF_occupancy-March-27-17.pdf\">Exemple de formulation des r\u00e8glements administratifs des coop\u00e9ratives<\/a><span class=\"Apple-converted-space\">\u00a0<\/span><\/li><li><a href=\"https:\/\/smokefreehousingon.ca\/wp-content\/uploads\/2015\/11\/Conservation_Coop_Bylaw_2012.pdf\">Conservation Co-op Smoke-Free Building Bylaw<\/a><\/li><li><a href=\"https:\/\/smokefreehousingon.ca\/wp-content\/uploads\/2015\/11\/sample_member_survey.pdf\">Sondage aupr\u00e8s des membres<\/a><\/li><li><a href=\"https:\/\/smokefreehousingon.ca\/wp-content\/uploads\/2015\/11\/sample_co-op_notice_letter.pdf\">Lettre d\u2019avis d\u2019infraction<\/a><\/li><\/ul>\t\t\t\t\t\t\t\t<\/div>\n\t\t\t\t<\/div>\n\t\t\t\t<div class=\"elementor-element elementor-element-74692fa1 elementor-widget elementor-widget-heading\" data-id=\"74692fa1\" data-element_type=\"widget\" data-e-type=\"widget\" data-widget_type=\"heading.default\">\n\t\t\t\t<div class=\"elementor-widget-container\">\n\t\t\t\t\t<h2 class=\"elementor-heading-title elementor-size-default\">Exemples de r\u00e9ussite<\/h2>\t\t\t\t<\/div>\n\t\t\t\t<\/div>\n\t\t\t\t<div class=\"elementor-element elementor-element-72ad28c0 elementor-widget elementor-widget-text-editor\" data-id=\"72ad28c0\" data-element_type=\"widget\" data-e-type=\"widget\" data-widget_type=\"text-editor.default\">\n\t\t\t\t<div class=\"elementor-widget-container\">\n\t\t\t\t\t\t\t\t\t<ul><li>Coop\u00e9rative d\u2019habitation <a href=\"https:\/\/smokefreehousingon.ca\/wp-content\/uploads\/2016\/05\/Conservation_Co-op_2013b.pdf\">Conservation<\/a><\/li><li><a href=\"https:\/\/smokefreehousingon.ca\/wp-content\/uploads\/2016\/05\/Beechwood.pdf\">Beechwood Co-operative Homes<\/a><\/li><\/ul>\t\t\t\t\t\t\t\t<\/div>\n\t\t\t\t<\/div>\n\t\t\t\t<div class=\"elementor-element elementor-element-2c6725d elementor-widget elementor-widget-heading\" data-id=\"2c6725d\" data-element_type=\"widget\" data-e-type=\"widget\" data-widget_type=\"heading.default\">\n\t\t\t\t<div class=\"elementor-widget-container\">\n\t\t\t\t\t<h2 class=\"elementor-heading-title elementor-size-default\">Mod\u00e8les d\u2019outils pour les membres (uniquement disponibles en anglais)<\/h2>\t\t\t\t<\/div>\n\t\t\t\t<\/div>\n\t\t\t\t<div class=\"elementor-element elementor-element-fa18384 elementor-widget elementor-widget-text-editor\" data-id=\"fa18384\" data-element_type=\"widget\" data-e-type=\"widget\" data-widget_type=\"text-editor.default\">\n\t\t\t\t<div class=\"elementor-widget-container\">\n\t\t\t\t\t\t\t\t\t<ul><li><a href=\"https:\/\/smokefreehousingon.ca\/wp-content\/uploads\/2015\/11\/sample_co-op_complaint_letter.pdf\">Lettre de plainte<\/a><\/li><li><a href=\"https:\/\/smokefreehousingon.ca\/wp-content\/uploads\/2015\/11\/sample-resident-log.pdf\">Feuille de contr\u00f4le<\/a> pour l\u2019exposition \u00e0 la fum\u00e9e secondaire<\/li><li><a href=\"https:\/\/smokefreehousingon.ca\/wp-content\/uploads\/2015\/12\/sample-physician-letter.pdf\">Lettre d\u2019un m\u00e9decin<\/a><\/li><\/ul>\t\t\t\t\t\t\t\t<\/div>\n\t\t\t\t<\/div>\n\t\t\t\t<\/div>\n\t\t<div class=\"elementor-element elementor-element-71b2cbce e-con-full e-flex e-con e-child\" data-id=\"71b2cbce\" data-element_type=\"container\" data-e-type=\"container\">\n\t\t\t\t<div class=\"elementor-element elementor-element-6b0fc67e elementor-widget elementor-widget-heading\" data-id=\"6b0fc67e\" data-element_type=\"widget\" data-e-type=\"widget\" data-widget_type=\"heading.default\">\n\t\t\t\t<div class=\"elementor-widget-container\">\n\t\t\t\t\t<h2 class=\"elementor-heading-title elementor-size-default\">Culture du cannabis<\/h2>\t\t\t\t<\/div>\n\t\t\t\t<\/div>\n\t\t\t\t<div class=\"elementor-element elementor-element-110abe23 elementor-widget elementor-widget-text-editor\" data-id=\"110abe23\" data-element_type=\"widget\" data-e-type=\"widget\" data-widget_type=\"text-editor.default\">\n\t\t\t\t<div class=\"elementor-widget-container\">\n\t\t\t\t\t\t\t\t\t<ul><li><a href=\"http:\/\/www.ccnse.ca\/sites\/default\/files\/Fiche%2520de%2520Renseignments%2520-%2520Risques%2520pour%2520la%2520sant%25C3%25A9%2520environnementale%2520associ%25C3%25A9s%2520%25C3%25A0%2520la%2520culture%2520personnelle%2520de%2520cannabis%2520-%2520Oct%25202018.pdf\" target=\"_blank\" rel=\"noopener\">Fiche de renseignements sur la culture du cannabis<\/a><\/li><\/ul>\t\t\t\t\t\t\t\t<\/div>\n\t\t\t\t<\/div>\n\t\t\t\t<div class=\"elementor-element elementor-element-4c2ec921 elementor-widget elementor-widget-heading\" data-id=\"4c2ec921\" data-element_type=\"widget\" data-e-type=\"widget\" data-widget_type=\"heading.default\">\n\t\t\t\t<div class=\"elementor-widget-container\">\n\t\t\t\t\t<h2 class=\"elementor-heading-title elementor-size-default\">Aide \u00e0 l\u2019abandon du tabac<\/h2>\t\t\t\t<\/div>\n\t\t\t\t<\/div>\n\t\t\t\t<div class=\"elementor-element elementor-element-7f1eb4ee elementor-widget elementor-widget-text-editor\" data-id=\"7f1eb4ee\" data-element_type=\"widget\" data-e-type=\"widget\" data-widget_type=\"text-editor.default\">\n\t\t\t\t<div class=\"elementor-widget-container\">\n\t\t\t\t\t\t\t\t\t<ul><li><a href=\"https:\/\/www.smokershelpline.ca\/s\/?language=fr\" target=\"_blank\" rel=\"noopener\">T\u00e9l\u00e9assistance pour fumeurs<\/a> (1-877-513-5333) offre un acc\u00e8s gratuit et confidentiel \u00e0 un sp\u00e9cialiste de l\u2019abandon qualifi\u00e9 par t\u00e9l\u00e9phone pour vous aider \u00e0 arr\u00eater de fumer.<\/li><li>Des interpr\u00e8tes sont disponibles.<\/li><li>T\u00e9l\u00e9assistance pour fumeurs \u2013 <a href=\"https:\/\/www.smokershelpline.ca\/s\/?language=fr\" target=\"_blank\" rel=\"noopener\">Aide en <\/a>ligne offre des astuces, outils et aides \u00e0 l\u2019abandon du tabac 24\u00a0h sur 24, 7\u00a0jours sur 7.<\/li><li>T\u00e9l\u00e9assistance pour fumeurs \u2013 <a href=\"https:\/\/csl.cancer.ca\/smokershelpline\/fr\" target=\"_blank\" rel=\"noopener\">Carte<\/a> d\u2019abandon \u00e9num\u00e8re les programmes et services d\u2019aide \u00e0 l\u2019abandon du tabac par lieu<\/li><li><a href=\"https:\/\/www.nicotinedependenceclinic.com\/en\/stop\/Pages\/SOR-Workshop-Finder.aspx\" target=\"_blank\" rel=\"noopener\">STOP on the Road<\/a> offre une th\u00e9rapie de remplacement de la nicotine et des conseils gratuitement<\/li><li><a href=\"https:\/\/www.alphaweb.org\/page\/PHU\" target=\"_blank\" rel=\"noopener\">Les bureaux de sant\u00e9 publique<\/a> offrent de l\u2019aide \u00e0 l\u2019abandon du tabac gratuitement<\/li><\/ul>\t\t\t\t\t\t\t\t<\/div>\n\t\t\t\t<\/div>\n\t\t\t\t<\/div>\n\t\t\t\t<\/div>\n\t\t\t\t<\/div>\n\t\t","protected":false},"excerpt":{"rendered":"<p>Vous trouverez ci-dessous des ressources et outils pour vous renseigner sur la fum\u00e9e secondaire ou pour mettre en place une politique sans fum\u00e9e dans votre b\u00e2timent \u00a0: Ressources pour devenir une propri\u00e9t\u00e9 sans fum\u00e9e Coop\u00e9ratives d\u2019habitation et politiques sans fum\u00e9e en anglais et en fran\u00e7ais How to Implement a Smoke-free Policy: A Protocol for Housing [&hellip;]<\/p>\n","protected":false},"author":1,"featured_media":0,"parent":4131,"menu_order":0,"comment_status":"closed","ping_status":"closed","template":"","meta":{"footnotes":""},"class_list":["post-4376","page","type-page","status-publish","hentry"],"_links":{"self":[{"href":"https:\/\/smokefreehousingon.ca\/fr\/wp-json\/wp\/v2\/pages\/4376","targetHints":{"allow":["GET"]}}],"collection":[{"href":"https:\/\/smokefreehousingon.ca\/fr\/wp-json\/wp\/v2\/pages"}],"about":[{"href":"https:\/\/smokefreehousingon.ca\/fr\/wp-json\/wp\/v2\/types\/page"}],"author":[{"embeddable":true,"href":"https:\/\/smokefreehousingon.ca\/fr\/wp-json\/wp\/v2\/users\/1"}],"replies":[{"embeddable":true,"href":"https:\/\/smokefreehousingon.ca\/fr\/wp-json\/wp\/v2\/comments?post=4376"}],"version-history":[{"count":3,"href":"https:\/\/smokefreehousingon.ca\/fr\/wp-json\/wp\/v2\/pages\/4376\/revisions"}],"predecessor-version":[{"id":6384,"href":"https:\/\/smokefreehousingon.ca\/fr\/wp-json\/wp\/v2\/pages\/4376\/revisions\/6384"}],"up":[{"embeddable":true,"href":"https:\/\/smokefreehousingon.ca\/fr\/wp-json\/wp\/v2\/pages\/4131"}],"wp:attachment":[{"href":"https:\/\/smokefreehousingon.ca\/fr\/wp-json\/wp\/v2\/media?parent=4376"}],"curies":[{"name":"wp","href":"https:\/\/api.w.org\/{rel}","templated":true}]}}