{"id":4347,"date":"2019-12-09T12:08:35","date_gmt":"2019-12-09T16:08:35","guid":{"rendered":"https:\/\/smokefreehousingondev.ca\/?page_id=4347"},"modified":"2024-11-20T11:12:33","modified_gmt":"2024-11-20T15:12:33","slug":"mettre-en-place-une-politique-sans-fumee","status":"publish","type":"page","link":"https:\/\/smokefreehousingon.ca\/fr\/agir-contre\/locations\/mettre-en-place-une-politique-sans-fumee\/","title":{"rendered":"Mettre en place une politique sans fum\u00e9e"},"content":{"rendered":"\t\t<div data-elementor-type=\"wp-page\" data-elementor-id=\"4347\" class=\"elementor elementor-4347 elementor-3273\" data-elementor-post-type=\"page\">\n\t\t\t\t<div class=\"elementor-element elementor-element-376362a9 spacebullets e-flex e-con-boxed e-con e-parent\" data-id=\"376362a9\" data-element_type=\"container\" data-e-type=\"container\">\n\t\t\t\t\t<div class=\"e-con-inner\">\n\t\t\t\t<div class=\"elementor-element elementor-element-16e1671c elementor-widget elementor-widget-text-editor\" data-id=\"16e1671c\" data-element_type=\"widget\" data-e-type=\"widget\" data-widget_type=\"text-editor.default\">\n\t\t\t\t<div class=\"elementor-widget-container\">\n\t\t\t\t\t\t\t\t\t<p>Pour appliquer une politique sans fum\u00e9e :<\/p><ul><li>Ins\u00e9rez les d\u00e9tails de la politique sans fum\u00e9e dans l\u2019article\u00a010 du bail standard et le formulaire de demande pour les nouveaux locataires et locataires renouvelant leur bail.<\/li><li>Demandez aux locataires de parapher la clause sans fum\u00e9e lorsqu\u2019ils signent le bail. Si la politique est appliqu\u00e9e \u00e0 la Commission de la location immobili\u00e8re, il est plus difficile pour eux d\u2019affirmer qu\u2019ils n\u2019\u00e9taient pas inform\u00e9s de la politique au moment d\u2019emm\u00e9nager.<\/li><li>Indiquez clairement aux locataires ce que signifie la politique sans fum\u00e9e. S\u2019il y aura des \u00e9tages non-fumeurs, indiquez-leur desquels il s\u2019agira. Si l\u2019objectif est de rendre l\u2019immeuble 100\u00a0% sans fum\u00e9e, parlez clairement de la transition avant toute signature de bail. Informez les locataires potentiels de ce qui suit\u00a0:<ul><li>Certains locataires b\u00e9n\u00e9ficiant d\u2019une clause de droits acquis sont autoris\u00e9s \u00e0 fumer dans l\u2019immeuble et vous ne pouvez pas garantir un environnement 100\u00a0% sans fum\u00e9e jusqu\u2019\u00e0 ce que la transition soit termin\u00e9e.<\/li><li>Bien qu\u2019il soit possible de fumer dans les logements b\u00e9n\u00e9ficiant d\u2019une clause de droits acquis, des plaintes relatives \u00e0 la fum\u00e9e secondaire peuvent toujours \u00eatre d\u00e9pos\u00e9es si une quantit\u00e9 importante de fum\u00e9e s\u2019infiltre dans les logements.<\/li><\/ul><\/li><li>Bien que vous ne puissiez pas interdire le tabac dans les locations existantes, vous pouvez proposer \u00e0 tous les locataires existants de signer un addendum sans fum\u00e9e \u00e0 leur convention de location actuelle.<\/li><li>Mettez au point du mat\u00e9riel de communication pour aviser les locataires existants par <a href=\"https:\/\/smokefreehousingon.ca\/wp-content\/uploads\/2015\/12\/sample-tenant-notification-letter.pdf\">lettre d\u2019avis aux locataires<\/a>. Expliquez qu\u2019\u00e0 la date d\u2019entr\u00e9e en vigueur indiqu\u00e9e, la politique sans fum\u00e9e entrera en vigueur pour les nouveaux locataires.<\/li><li>Informez le personnel existant, les gestionnaires immobiliers et surintendants par\u00a0<a href=\"https:\/\/smokefreehousingon.ca\/wp-content\/uploads\/2015\/12\/sample-resident-manager-notification.pdf\">lettre d\u2019avis aux gestionnaires r\u00e9sidents.<\/a> Alors que les gestionnaires r\u00e9sidents existants b\u00e9n\u00e9ficient d\u2019une clause de droits acquis lorsqu\u2019ils sont en repos dans leur logement de location, tous les nouveaux gestionnaires r\u00e9sidents doivent respecter votre politique sans fum\u00e9e. La\u00a0<i>Loi favorisant un Ontario sans fum\u00e9e<\/i> continue de s\u2019appliquer aux gestionnaires r\u00e9sidents pendant leur service.<\/li><li>Affichez une signalisation dans les lieux appropri\u00e9s. Si votre politique s\u2019applique \u00e0 l\u2019ensemble de la propri\u00e9t\u00e9, pensez \u00e0 mettre un panneau indiquant \u00ab\u00a0Bienvenue dans notre propri\u00e9t\u00e9 sans fum\u00e9e\u00a0\u00bb dans le parc de stationnement, \u00e0 l\u2019ext\u00e9rieur de l\u2019immeuble et \u00e0 l\u2019int\u00e9rieur de celui-ci.<\/li><li>Publiez la politique sur le site Web de l\u2019immeuble.<\/li><li>Retirez les cendriers des zones o\u00f9 il est interdit de fumer.<\/li><li>Envisagez de publier un\u00a0<a href=\"https:\/\/smokefreehousingon.ca\/wp-content\/uploads\/2015\/12\/sample-press-release.pdf\">communiqu\u00e9 de presse<\/a>. La couverture m\u00e9diatique est un excellent moyen de promouvoir l\u2019immeuble.<\/li><li>Annoncez les logements sans fum\u00e9e dans des r\u00e9pertoires et sites Web o\u00f9 figure votre immeuble.<\/li><li>Une fois que votre politique est en place depuis six mois \u00e0 un an, envisagez de mener un sondage pour conna\u00eetre l\u2019avis de vos locataires. La r\u00e9troaction peut \u00eatre utile pour apporter des am\u00e9liorations et les commentaires positifs peuvent \u00eatre utilis\u00e9s pour promouvoir votre immeuble sans fum\u00e9e.<\/li><li>Inscrivez votre immeuble dans le R\u00e9pertoire des habitations sans fum\u00e9e de l\u2019Ontario.<\/li><li>Envisagez d\u2019apporter de l\u2019aide aux fumeurs qui souhaitent cesser de fumer. Demandez de l\u2019aide \u00e0 votre bureau de sant\u00e9 publique.<\/li><\/ul>\t\t\t\t\t\t\t\t<\/div>\n\t\t\t\t<\/div>\n\t\t\t\t\t<\/div>\n\t\t\t\t<\/div>\n\t\t\t\t<\/div>\n\t\t","protected":false},"excerpt":{"rendered":"<p>Pour appliquer une politique sans fum\u00e9e : Ins\u00e9rez les d\u00e9tails de la politique sans fum\u00e9e dans l\u2019article\u00a010 du bail standard et le formulaire de demande pour les nouveaux locataires et locataires renouvelant leur bail. Demandez aux locataires de parapher la clause sans fum\u00e9e lorsqu\u2019ils signent le bail. Si la politique est appliqu\u00e9e \u00e0 la Commission [&hellip;]<\/p>\n","protected":false},"author":1,"featured_media":0,"parent":4307,"menu_order":0,"comment_status":"closed","ping_status":"closed","template":"","meta":{"footnotes":""},"class_list":["post-4347","page","type-page","status-publish","hentry"],"_links":{"self":[{"href":"https:\/\/smokefreehousingon.ca\/fr\/wp-json\/wp\/v2\/pages\/4347","targetHints":{"allow":["GET"]}}],"collection":[{"href":"https:\/\/smokefreehousingon.ca\/fr\/wp-json\/wp\/v2\/pages"}],"about":[{"href":"https:\/\/smokefreehousingon.ca\/fr\/wp-json\/wp\/v2\/types\/page"}],"author":[{"embeddable":true,"href":"https:\/\/smokefreehousingon.ca\/fr\/wp-json\/wp\/v2\/users\/1"}],"replies":[{"embeddable":true,"href":"https:\/\/smokefreehousingon.ca\/fr\/wp-json\/wp\/v2\/comments?post=4347"}],"version-history":[{"count":0,"href":"https:\/\/smokefreehousingon.ca\/fr\/wp-json\/wp\/v2\/pages\/4347\/revisions"}],"up":[{"embeddable":true,"href":"https:\/\/smokefreehousingon.ca\/fr\/wp-json\/wp\/v2\/pages\/4307"}],"wp:attachment":[{"href":"https:\/\/smokefreehousingon.ca\/fr\/wp-json\/wp\/v2\/media?parent=4347"}],"curies":[{"name":"wp","href":"https:\/\/api.w.org\/{rel}","templated":true}]}}