{"id":4330,"date":"2019-12-09T12:00:09","date_gmt":"2019-12-09T16:00:09","guid":{"rendered":"https:\/\/smokefreehousingondev.ca\/?page_id=4330"},"modified":"2024-11-20T11:08:45","modified_gmt":"2024-11-20T15:08:45","slug":"determiner-si-la-fumee-est-un-probleme","status":"publish","type":"page","link":"https:\/\/smokefreehousingon.ca\/fr\/agir-contre\/locations\/determiner-si-la-fumee-est-un-probleme\/","title":{"rendered":"D\u00e9terminer si la fum\u00e9e est un probl\u00e8me"},"content":{"rendered":"\t\t<div data-elementor-type=\"wp-page\" data-elementor-id=\"4330\" class=\"elementor elementor-4330 elementor-3266\" data-elementor-post-type=\"page\">\n\t\t\t\t<div class=\"elementor-element elementor-element-1014c26f spacebullets e-flex e-con-boxed e-con e-parent\" data-id=\"1014c26f\" data-element_type=\"container\" data-e-type=\"container\">\n\t\t\t\t\t<div class=\"e-con-inner\">\n\t\t\t\t<div class=\"elementor-element elementor-element-7ae7b60d elementor-widget elementor-widget-text-editor\" data-id=\"7ae7b60d\" data-element_type=\"widget\" data-e-type=\"widget\" data-widget_type=\"text-editor.default\">\n\t\t\t\t<div class=\"elementor-widget-container\">\n\t\t\t\t\t\t\t\t\t<p>Apr\u00e8s avoir \u00e9tudi\u00e9 les avantages et implications l\u00e9gales des b\u00e2timents sans fum\u00e9e, il vous faudra d\u00e9couvrir ce que pensent les autres locataires d\u2019une politique sans fum\u00e9e. Cela vous aidera \u00e0 \u00e9laborer un plan pour votre immeuble. Si vos immeubles sont grands, il serait pr\u00e9f\u00e9rable de cr\u00e9er un comit\u00e9 ou un groupe pour travailler sur cette question. Le comit\u00e9 pourrait vouloir envisager ce qui suit\u00a0:<\/p><ul><li>Quelle est la vision \u00e0 long terme pour votre politique?<\/li><li>Examiner des anciennes plaintes li\u00e9es \u00e0 la fum\u00e9e secondaire, car elles pourraient offrir des renseignements sur le type de politique sans fum\u00e9e que vous \u00e9laborez.<\/li><li>Demandez \u00e0 votre personnel et \u00e0 d\u2019autres intervenants de fournir des commentaires et int\u00e9grez-les \u00e0 la politique. Cela encouragera l\u2019adoption et le soutien de la politique.<\/li><li>Menez un\u00a0<a href=\"https:\/\/smokefreehousingon.ca\/wp-content\/uploads\/2015\/12\/sample-tenant-survey.pdf\">sondage aupr\u00e8s des locataires<\/a>\u00a0pour conna\u00eetre\u00a0:<ul><li>La port\u00e9e du probl\u00e8me de la fum\u00e9e secondaire dans l\u2019immeuble (nombre de locataires affect\u00e9s);<\/li><li>Le nombre de locataires qui n\u2019autorisent actuellement pas le tabagisme \u00e0 l\u2019int\u00e9rieur;<\/li><li>Le nombre de locataires qui fument;<\/li><li>Le niveau de soutien concernant divers sc\u00e9narios de politique sans fum\u00e9e.<\/li><\/ul><\/li><\/ul><p>Voir un exemple de lettre de pr\u00e9sentation et de sondage que vous pouvez utiliser pour votre immeuble.<\/p><p>Vous pourriez aussi utiliser des r\u00e9sultats de sondage d\u2019autres sources pour \u00e9clairer votre d\u00e9cision. Plusieurs sondages de la population ont \u00e9t\u00e9 r\u00e9alis\u00e9s en Ontario en plus de ceux pour les immeubles priv\u00e9s. Voici certains th\u00e8mes de ces sondages\u00a0:<\/p><ul><li>Environ un tiers des r\u00e9sidents de propri\u00e9t\u00e9s \u00e0 logements multiples sont r\u00e9guli\u00e8rement expos\u00e9s \u00e0 de la fum\u00e9e secondaire ind\u00e9sirable dans leur logement.<\/li><li>Tr\u00e8s peu de personnes d\u00e9posent des plaintes officielles relativement \u00e0 la fum\u00e9e secondaire dans leur logement, car elles pensent qu\u2019il n\u2019y a rien \u00e0 faire.<\/li><li>Une majorit\u00e9 des gens indiquent qu\u2019ils choisiraient un immeuble sans fum\u00e9e si on leur donnait le choix.<\/li><\/ul><p>En 2010, l\u2019organisme Ontario Smoke-Free Housing Coalition a charg\u00e9 Ipsos Reid de mener un sondage interrogeant environ 1\u00a0500\u00a0adultes (de plus de 18 ans) de tout l\u2019Ontario au sujet de la fum\u00e9e secondaire dans leurs immeubles \u00e0 logements multiples. Les participants \u00e9taient des locataires, des propri\u00e9taires de condominiums et des membres de coop\u00e9ratives d\u2019habitations qui vivaient \u00e0 cette \u00e9poque dans un immeuble \u00e0 logements multiples ou avaient v\u00e9cu dans un tel immeuble dans les deux derni\u00e8res ann\u00e9es. Voici les grandes lignes du sondage\u00a0:<\/p><ul><li>Environ un tiers (32\u00a0%) des participants ont indiqu\u00e9 \u00eatre expos\u00e9 \u00e0 de la fum\u00e9e secondaire r\u00e9guli\u00e8rement (plusieurs fois par semaine, une fois par semaine ou une fois toutes les deux semaines)<\/li><li>Plus de la moiti\u00e9 (53\u00a0%) indiquait que la fum\u00e9e venait de l\u2019ext\u00e9rieur, et entrait par une fen\u00eatre ouverte.<\/li><li>Environ un tiers (35\u00a0%) avaient approch\u00e9 leur propri\u00e9taire\/gestionnaire\/gouvernement en vue de r\u00e9soudre ce probl\u00e8me.<\/li><li>Lorsqu\u2019on leur a demand\u00e9 de choisir entre deux immeubles identiques, 80\u00a0% des participants indiquaient pr\u00e9f\u00e9rer l\u2019immeuble o\u00f9 le tabac \u00e9tait interdit.<\/li><\/ul><p>Lire le\u00a0<a href=\"https:\/\/smokefreehousingon.ca\/wp-content\/uploads\/2015\/12\/ipsos-reid-final-report.pdf\">rapport final d\u2019Ipsos Reid.<\/a><\/p>\t\t\t\t\t\t\t\t<\/div>\n\t\t\t\t<\/div>\n\t\t\t\t\t<\/div>\n\t\t\t\t<\/div>\n\t\t\t\t<\/div>\n\t\t","protected":false},"excerpt":{"rendered":"<p>Apr\u00e8s avoir \u00e9tudi\u00e9 les avantages et implications l\u00e9gales des b\u00e2timents sans fum\u00e9e, il vous faudra d\u00e9couvrir ce que pensent les autres locataires d\u2019une politique sans fum\u00e9e. Cela vous aidera \u00e0 \u00e9laborer un plan pour votre immeuble. Si vos immeubles sont grands, il serait pr\u00e9f\u00e9rable de cr\u00e9er un comit\u00e9 ou un groupe pour travailler sur cette [&hellip;]<\/p>\n","protected":false},"author":1,"featured_media":0,"parent":4307,"menu_order":0,"comment_status":"closed","ping_status":"closed","template":"","meta":{"footnotes":""},"class_list":["post-4330","page","type-page","status-publish","hentry"],"_links":{"self":[{"href":"https:\/\/smokefreehousingon.ca\/fr\/wp-json\/wp\/v2\/pages\/4330","targetHints":{"allow":["GET"]}}],"collection":[{"href":"https:\/\/smokefreehousingon.ca\/fr\/wp-json\/wp\/v2\/pages"}],"about":[{"href":"https:\/\/smokefreehousingon.ca\/fr\/wp-json\/wp\/v2\/types\/page"}],"author":[{"embeddable":true,"href":"https:\/\/smokefreehousingon.ca\/fr\/wp-json\/wp\/v2\/users\/1"}],"replies":[{"embeddable":true,"href":"https:\/\/smokefreehousingon.ca\/fr\/wp-json\/wp\/v2\/comments?post=4330"}],"version-history":[{"count":0,"href":"https:\/\/smokefreehousingon.ca\/fr\/wp-json\/wp\/v2\/pages\/4330\/revisions"}],"up":[{"embeddable":true,"href":"https:\/\/smokefreehousingon.ca\/fr\/wp-json\/wp\/v2\/pages\/4307"}],"wp:attachment":[{"href":"https:\/\/smokefreehousingon.ca\/fr\/wp-json\/wp\/v2\/media?parent=4330"}],"curies":[{"name":"wp","href":"https:\/\/api.w.org\/{rel}","templated":true}]}}