{"id":4307,"date":"2019-12-09T11:22:48","date_gmt":"2019-12-09T15:22:48","guid":{"rendered":"https:\/\/smokefreehousingondev.ca\/?page_id=4307"},"modified":"2024-11-22T12:22:38","modified_gmt":"2024-11-22T16:22:38","slug":"locations","status":"publish","type":"page","link":"https:\/\/smokefreehousingon.ca\/fr\/agir-contre\/locations\/","title":{"rendered":"Locations"},"content":{"rendered":"\t\t<div data-elementor-type=\"wp-page\" data-elementor-id=\"4307\" class=\"elementor elementor-4307 elementor-3205\" data-elementor-post-type=\"page\">\n\t\t\t\t<div class=\"elementor-element elementor-element-405292d3 spacebullets e-flex e-con-boxed e-con e-parent\" data-id=\"405292d3\" data-element_type=\"container\" data-e-type=\"container\">\n\t\t\t\t\t<div class=\"e-con-inner\">\n\t\t\t\t<div class=\"elementor-element elementor-element-4a71cfb3 elementor-widget elementor-widget-text-editor\" data-id=\"4a71cfb3\" data-element_type=\"widget\" data-e-type=\"widget\" data-widget_type=\"text-editor.default\">\n\t\t\t\t<div class=\"elementor-widget-container\">\n\t\t\t\t\t\t\t\t\t<p>La capacit\u00e9 \u00e0 devenir un immeuble de location sans fum\u00e9e d\u00e9pend de si votre b\u00e2timent est neuf ou existant, du nombre de logements et de locataires, du type de bail sign\u00e9, du taux de roulement, et de si les r\u00e9sidents actuels sont favorables \u00e0 une politique. Renseignez-vous sur les mesures \u00e0 prendre pour agir contre la fum\u00e9e secondaire dans votre b\u00e2timent\u00a0:<\/p><ul><li><a href=\"https:\/\/smokefreehousingon.ca\/fr\/agir-contre\/locations\/la-fumee-secondaire-dans-les-immeubles-a-logements-multiples\/\">En savoir plus sur la fum\u00e9e secondaire dans les immeubles \u00e0 logements multiples<\/a><\/li><li><a href=\"https:\/\/smokefreehousingon.ca\/fr\/agir-contre\/locations\/comprendre-les-implications-juridiques\/\">Comprendre les implications juridiques<\/a><\/li><li><a href=\"https:\/\/smokefreehousingon.ca\/fr\/agir-contre\/locations\/determiner-si-la-fumee-est-un-probleme\/\">D\u00e9terminer si la fum\u00e9e est un probl\u00e8me dans votre immeuble<\/a><\/li><li><a href=\"https:\/\/smokefreehousingon.ca\/fr\/agir-contre\/locations\/prendre-des-mesures-pour-reduire-la-fumee-secondaire\/\">Prendre des mesures pour r\u00e9duire la fum\u00e9e secondaire<\/a><\/li><li><a href=\"https:\/\/smokefreehousingon.ca\/fr\/agir-contre\/locations\/creer-une-politique-sans-fumee\/\">Cr\u00e9er une politique sans fum\u00e9e<\/a><\/li><li><a href=\"https:\/\/smokefreehousingon.ca\/fr\/agir-contre\/locations\/mettre-en-place-une-politique-sans-fumee\/\">Mettre en place une politique sans fum\u00e9e<\/a><\/li><li><a href=\"https:\/\/smokefreehousingon.ca\/fr\/agir-contre\/locations\/faire-appliquer-une-politique-sans-fumee\/\">Appliquer une politique sans fum\u00e9e<\/a><\/li><li><a href=\"https:\/\/smokefreehousingon.ca\/fr\/agir-contre\/locations\/deposer-une-requete-aupres-de-la-commission-de-la-location-immobiliere\/\">D\u00e9poser une requ\u00eate aupr\u00e8s de la Commission de la location immobili\u00e8re de l\u2019Ontario<\/a><\/li><li><a href=\"https:\/\/smokefreehousingon.ca\/fr\/agir-contre\/locations\/deposer-une-requete-aupres-du-tribunal-des-droits-de-la-personne\/\">D\u00e9poser une requ\u00eate aupr\u00e8s du Tribunal des droits de la personne de l\u2019Ontario<\/a><\/li><\/ul>\t\t\t\t\t\t\t\t<\/div>\n\t\t\t\t<\/div>\n\t\t\t\t\t<\/div>\n\t\t\t\t<\/div>\n\t\t\t\t<\/div>\n\t\t","protected":false},"excerpt":{"rendered":"<p>La capacit\u00e9 \u00e0 devenir un immeuble de location sans fum\u00e9e d\u00e9pend de si votre b\u00e2timent est neuf ou existant, du nombre de logements et de locataires, du type de bail sign\u00e9, du taux de roulement, et de si les r\u00e9sidents actuels sont favorables \u00e0 une politique. Renseignez-vous sur les mesures \u00e0 prendre pour agir contre [&hellip;]<\/p>\n","protected":false},"author":1,"featured_media":0,"parent":4122,"menu_order":0,"comment_status":"closed","ping_status":"closed","template":"","meta":{"footnotes":""},"class_list":["post-4307","page","type-page","status-publish","hentry"],"_links":{"self":[{"href":"https:\/\/smokefreehousingon.ca\/fr\/wp-json\/wp\/v2\/pages\/4307","targetHints":{"allow":["GET"]}}],"collection":[{"href":"https:\/\/smokefreehousingon.ca\/fr\/wp-json\/wp\/v2\/pages"}],"about":[{"href":"https:\/\/smokefreehousingon.ca\/fr\/wp-json\/wp\/v2\/types\/page"}],"author":[{"embeddable":true,"href":"https:\/\/smokefreehousingon.ca\/fr\/wp-json\/wp\/v2\/users\/1"}],"replies":[{"embeddable":true,"href":"https:\/\/smokefreehousingon.ca\/fr\/wp-json\/wp\/v2\/comments?post=4307"}],"version-history":[{"count":0,"href":"https:\/\/smokefreehousingon.ca\/fr\/wp-json\/wp\/v2\/pages\/4307\/revisions"}],"up":[{"embeddable":true,"href":"https:\/\/smokefreehousingon.ca\/fr\/wp-json\/wp\/v2\/pages\/4122"}],"wp:attachment":[{"href":"https:\/\/smokefreehousingon.ca\/fr\/wp-json\/wp\/v2\/media?parent=4307"}],"curies":[{"name":"wp","href":"https:\/\/api.w.org\/{rel}","templated":true}]}}