{"id":4258,"date":"2019-12-06T12:54:10","date_gmt":"2019-12-06T16:54:10","guid":{"rendered":"https:\/\/smokefreehousingondev.ca\/?page_id=4258"},"modified":"2025-09-19T10:40:55","modified_gmt":"2025-09-19T13:40:55","slug":"la-fumee-secondaire-dans-les-immeubles-a-logements-multiples","status":"publish","type":"page","link":"https:\/\/smokefreehousingon.ca\/fr\/agir-contre\/condominiums\/la-fumee-secondaire-dans-les-immeubles-a-logements-multiples\/","title":{"rendered":"La fum\u00e9e secondaire dans les immeubles \u00e0 logements multiples"},"content":{"rendered":"\t\t<div data-elementor-type=\"wp-page\" data-elementor-id=\"4258\" class=\"elementor elementor-4258 elementor-3772\" data-elementor-post-type=\"page\">\n\t\t\t\t<div class=\"elementor-element elementor-element-69e147d5 spacebullets e-flex e-con-boxed e-con e-parent\" data-id=\"69e147d5\" data-element_type=\"container\" data-e-type=\"container\">\n\t\t\t\t\t<div class=\"e-con-inner\">\n\t\t\t\t<div class=\"elementor-element elementor-element-4be542c0 elementor-widget elementor-widget-text-editor\" data-id=\"4be542c0\" data-element_type=\"widget\" data-e-type=\"widget\" data-widget_type=\"text-editor.default\">\n\t\t\t\t<div class=\"elementor-widget-container\">\n\t\t\t\t\t\t\t\t\t<p>Le principal motif d\u2019existence des habitations sans fum\u00e9e est un air int\u00e9rieur propre. La fum\u00e9e secondaire est plus qu&rsquo;une nuisance, c\u2019est un m\u00e9lange toxique de plus de 4000 produits chimiques.<\/p><p>La fum\u00e9e secondaire se d\u00e9place en raison des diff\u00e9rences de pression d\u2019air entre les logements, entre les \u00e9tages et entre l\u2019int\u00e9rieur et l\u2019ext\u00e9rieur d\u2019un b\u00e2timent. La fum\u00e9e secondaire peut se d\u00e9placer depuis la cour ou le balcon d\u2019un voisin, entrer par les portes et fen\u00eatres ouvertes, s\u2019infiltrer par les prises \u00e9lectriques, les prises de c\u00e2ble ou de t\u00e9l\u00e9phone ou les luminaires de plafond, passer dans les fentes et les trous autour des lavabos, comptoirs, fen\u00eatre, portes, planchers, murs ou plafonds suspendus, et s\u2019infiltrer dans le syst\u00e8me de ventilation ou \u00e0 air puls\u00e9.<\/p><p>La recherche\u00a0a d\u00e9montr\u00e9 que jusqu\u2019\u00e0 65\u00a0% de l\u2019air d\u2019un logement peut venir des autres logements du b\u00e2timent.<\/p><p>Il n\u2019existe pas de niveau d\u2019exposition s\u00e9curitaire \u00e0 la fum\u00e9e secondaire. La fum\u00e9e secondaire est un grave probl\u00e8me pour de nombreux r\u00e9sidents de l\u2019Ontario vivant en habitation \u00e0 logements multiples, en particulier ceux qui sont atteints de troubles de sant\u00e9 chroniques. La fum\u00e9e secondaire aggrave le risque de maladie cardiaque et de cancer du poumon et provoque des probl\u00e8mes respiratoires aigus. Elle est particuli\u00e8rement nocive pour les personnes \u00e2g\u00e9es et les enfants.<\/p><h2>Ventilation<\/h2><p>Bien que la ventilation et les syst\u00e8mes tels que les purificateurs d\u2019air ou filtres \u00e0 air puissent contribuer \u00e0 \u00e9liminer une partie de la fum\u00e9e de l\u2019air int\u00e9rieur, aucun syst\u00e8me de ventilation ne peut \u00e9liminer suffisamment de toxines pour prot\u00e9ger efficacement notre sant\u00e9 des dangers de la fum\u00e9e secondaire.<\/p><p>L\u2019American Society of Heating, Refrigeration and Air Conditioning Engineers (ASHRAE), l\u2019autorit\u00e9 qui fixe les normes de ventilation reconnues \u00e0 l\u2019international, a publi\u00e9 une\u00a0<a href=\"https:\/\/www.ashrae.org\/file%20library\/about\/position%20documents\/pd-on-environmental-tobacco-smoke-english.pdf\" target=\"_blank\" rel=\"noopener\">d\u00e9claration de position<\/a>\u00a0sur la ventilation et la fum\u00e9e de tabac ambiante (FTA), qui indiquait \u00ab\u00a0[qu\u2019]\u00e0 l\u2019heure actuelle, le seul moyen efficace d\u2019\u00e9liminer les risques de sant\u00e9 associ\u00e9s \u00e0 l\u2019exposition \u00e0 l\u2019int\u00e9rieur est d\u2019interdire le tabagisme.\u00a0\u00bb\u00a0En 2006, le rapport du directeur du Service de sant\u00e9 publique des \u00c9tats-Unis sur la fum\u00e9e secondaire indiquait que\u00a0\u00ab\u00a0les syst\u00e8mes typiques de chauffage, de climatisation et d\u2019\u00e9vacuation de la plupart des foyers am\u00e9ricains ne peuvent pas \u00e9liminer les particules de fum\u00e9e secondaire.\u00a0\u00bb<\/p><h2>Fum\u00e9e tertiaire<\/h2><p>Se renseigner sur la<a href=\"https:\/\/smokefreehousingon.ca\/wp-content\/uploads\/2015\/12\/ths-fact-sheet-mar-2014.pdf\"> fum\u00e9e tertiaire<\/a>.<\/p><p>La fum\u00e9e tertiaire d\u00e9signe les r\u00e9sidus de fum\u00e9e secondaire du tabac qui restent apr\u00e8s qu\u2019une personne a cess\u00e9 de fumer. Les substances chimiques contenues dans la fum\u00e9e qui sont huileuses ou cireuses sont plus susceptibles de coller aux surfaces que d\u2019\u00eatre \u00e9limin\u00e9es par la ventilation. Les scientifiques commencent \u00e0 penser que ces r\u00e9sidus de fum\u00e9e tertiaire peuvent rester dans l\u2019environnement pendant des semaines, des mois voire des ann\u00e9es, sur les surfaces et dans la poussi\u00e8re o\u00f9 elles finissent par d\u00e9gager des gaz.<\/p><p>La dur\u00e9e pendant laquelle la fum\u00e9e tertiaire persiste dans un environnement int\u00e9rieur d\u00e9pend des facteurs suivants\u00a0:<\/p><ul><li>Nombre de cigarettes fum\u00e9es<\/li><li>Volume de l\u2019air<\/li><li>Degr\u00e9 de ventilation<\/li><li>Taux d\u2019\u00e9mission de composants chimiques de fum\u00e9e secondaire et de fum\u00e9e principale.<\/li><li>Quantit\u00e9 de meubles (type de mat\u00e9riau et \u00e9tendue des surfaces)<\/li><li>Degr\u00e9 d\u2019absorption des surfaces<\/li><li>Taux de d\u00e9sorption et de r\u00e9\u00e9mission (d\u00e9gagement de gaz).<\/li><\/ul><p>On ne sait actuellement que peu de choses \u00e0 propos des effets potentiels ou r\u00e9els de l\u2019exposition \u00e0 la fum\u00e9e tertiaire sur la sant\u00e9. Tous les composants de la fum\u00e9e tertiaire n\u2019ont pas encore \u00e9t\u00e9 d\u00e9termin\u00e9s \u00e0 l\u2019heure actuelle, et il est pr\u00e9matur\u00e9 d\u2019\u00e9valuer les risques pour la sant\u00e9 de l\u2019exposition sans preuve des r\u00e9sultats cliniques.<\/p>\t\t\t\t\t\t\t\t<\/div>\n\t\t\t\t<\/div>\n\t\t\t\t\t<\/div>\n\t\t\t\t<\/div>\n\t\t\t\t<\/div>\n\t\t","protected":false},"excerpt":{"rendered":"<p>Le principal motif d\u2019existence des habitations sans fum\u00e9e est un air int\u00e9rieur propre. La fum\u00e9e secondaire est plus qu&rsquo;une nuisance, c\u2019est un m\u00e9lange toxique de plus de 4000 produits chimiques. La fum\u00e9e secondaire se d\u00e9place en raison des diff\u00e9rences de pression d\u2019air entre les logements, entre les \u00e9tages et entre l\u2019int\u00e9rieur et l\u2019ext\u00e9rieur d\u2019un b\u00e2timent. [&hellip;]<\/p>\n","protected":false},"author":1,"featured_media":0,"parent":4253,"menu_order":0,"comment_status":"closed","ping_status":"closed","template":"","meta":{"footnotes":""},"class_list":["post-4258","page","type-page","status-publish","hentry"],"_links":{"self":[{"href":"https:\/\/smokefreehousingon.ca\/fr\/wp-json\/wp\/v2\/pages\/4258","targetHints":{"allow":["GET"]}}],"collection":[{"href":"https:\/\/smokefreehousingon.ca\/fr\/wp-json\/wp\/v2\/pages"}],"about":[{"href":"https:\/\/smokefreehousingon.ca\/fr\/wp-json\/wp\/v2\/types\/page"}],"author":[{"embeddable":true,"href":"https:\/\/smokefreehousingon.ca\/fr\/wp-json\/wp\/v2\/users\/1"}],"replies":[{"embeddable":true,"href":"https:\/\/smokefreehousingon.ca\/fr\/wp-json\/wp\/v2\/comments?post=4258"}],"version-history":[{"count":3,"href":"https:\/\/smokefreehousingon.ca\/fr\/wp-json\/wp\/v2\/pages\/4258\/revisions"}],"predecessor-version":[{"id":6455,"href":"https:\/\/smokefreehousingon.ca\/fr\/wp-json\/wp\/v2\/pages\/4258\/revisions\/6455"}],"up":[{"embeddable":true,"href":"https:\/\/smokefreehousingon.ca\/fr\/wp-json\/wp\/v2\/pages\/4253"}],"wp:attachment":[{"href":"https:\/\/smokefreehousingon.ca\/fr\/wp-json\/wp\/v2\/media?parent=4258"}],"curies":[{"name":"wp","href":"https:\/\/api.w.org\/{rel}","templated":true}]}}