{"id":4239,"date":"2019-12-06T12:37:16","date_gmt":"2019-12-06T16:37:16","guid":{"rendered":"https:\/\/smokefreehousingondev.ca\/?page_id=4239"},"modified":"2024-11-20T11:56:04","modified_gmt":"2024-11-20T15:56:04","slug":"mettre-en-place-une-politique-sans-fumee","status":"publish","type":"page","link":"https:\/\/smokefreehousingon.ca\/fr\/agir-contre\/cooperatives\/mettre-en-place-une-politique-sans-fumee\/","title":{"rendered":"Mettre en place une politique sans fum\u00e9e"},"content":{"rendered":"\t\t<div data-elementor-type=\"wp-page\" data-elementor-id=\"4239\" class=\"elementor elementor-4239 elementor-3834\" data-elementor-post-type=\"page\">\n\t\t\t\t<div class=\"elementor-element elementor-element-74d36c95 spacebullets e-flex e-con-boxed e-con e-parent\" data-id=\"74d36c95\" data-element_type=\"container\" data-e-type=\"container\">\n\t\t\t\t\t<div class=\"e-con-inner\">\n\t\t\t\t<div class=\"elementor-element elementor-element-24516399 elementor-widget elementor-widget-text-editor\" data-id=\"24516399\" data-element_type=\"widget\" data-e-type=\"widget\" data-widget_type=\"text-editor.default\">\n\t\t\t\t<div class=\"elementor-widget-container\">\n\t\t\t\t\t\t\t\t\t<p>Pour appliquer une politique sans fum\u00e9e :<\/p><ul><li>Informez les membres existants de la nouvelle politique.<\/li><li>Affichez une signalisation dans les lieux appropri\u00e9s. Si votre politique s\u2019applique \u00e0 l\u2019ensemble de la propri\u00e9t\u00e9, pensez \u00e0 mettre un panneau indiquant \u00ab\u00a0Bienvenue dans notre propri\u00e9t\u00e9 sans fum\u00e9e\u00a0\u00bb dans le parc de stationnement, \u00e0 l\u2019ext\u00e9rieur de l\u2019immeuble et \u00e0 l\u2019int\u00e9rieur de celui-ci.<\/li><li>Publiez la politique sur le site Web de l\u2019immeuble.<\/li><li>Retirez les cendriers des zones o\u00f9 il est interdit de fumer.<\/li><li>Envisagez de publier un\u00a0<a href=\"https:\/\/smokefreehousingon.ca\/wp-content\/uploads\/2015\/12\/sample-press-release.pdf\">communiqu\u00e9 de presse<\/a>. La couverture m\u00e9diatique est un excellent moyen de promouvoir l\u2019immeuble.<\/li><li>Annoncez les logements sans fum\u00e9e dans des r\u00e9pertoires et sites Web o\u00f9 figure votre immeuble.<\/li><li>Une fois que votre politique est en place depuis six mois \u00e0 un an, envisagez de mener un sondage pour conna\u00eetre l\u2019avis des membres. La r\u00e9troaction peut \u00eatre utile pour apporter des am\u00e9liorations et les commentaires positifs peuvent \u00eatre utilis\u00e9s pour promouvoir votre immeuble sans fum\u00e9e.<\/li><li>Inscrivez votre immeuble dans le R\u00e9pertoire des habitations sans fum\u00e9e de l\u2019Ontario.<\/li><li>Envisagez de venir en aide aux fumeurs qui souhaitent cesser de fumer. Demandez de l\u2019aide \u00e0 votre bureau de sant\u00e9 publique.<\/li><\/ul>\t\t\t\t\t\t\t\t<\/div>\n\t\t\t\t<\/div>\n\t\t\t\t\t<\/div>\n\t\t\t\t<\/div>\n\t\t\t\t<\/div>\n\t\t","protected":false},"excerpt":{"rendered":"<p>Pour appliquer une politique sans fum\u00e9e : Informez les membres existants de la nouvelle politique. Affichez une signalisation dans les lieux appropri\u00e9s. Si votre politique s\u2019applique \u00e0 l\u2019ensemble de la propri\u00e9t\u00e9, pensez \u00e0 mettre un panneau indiquant \u00ab\u00a0Bienvenue dans notre propri\u00e9t\u00e9 sans fum\u00e9e\u00a0\u00bb dans le parc de stationnement, \u00e0 l\u2019ext\u00e9rieur de l\u2019immeuble et \u00e0 l\u2019int\u00e9rieur [&hellip;]<\/p>\n","protected":false},"author":1,"featured_media":0,"parent":4119,"menu_order":0,"comment_status":"closed","ping_status":"closed","template":"","meta":{"footnotes":""},"class_list":["post-4239","page","type-page","status-publish","hentry"],"_links":{"self":[{"href":"https:\/\/smokefreehousingon.ca\/fr\/wp-json\/wp\/v2\/pages\/4239","targetHints":{"allow":["GET"]}}],"collection":[{"href":"https:\/\/smokefreehousingon.ca\/fr\/wp-json\/wp\/v2\/pages"}],"about":[{"href":"https:\/\/smokefreehousingon.ca\/fr\/wp-json\/wp\/v2\/types\/page"}],"author":[{"embeddable":true,"href":"https:\/\/smokefreehousingon.ca\/fr\/wp-json\/wp\/v2\/users\/1"}],"replies":[{"embeddable":true,"href":"https:\/\/smokefreehousingon.ca\/fr\/wp-json\/wp\/v2\/comments?post=4239"}],"version-history":[{"count":0,"href":"https:\/\/smokefreehousingon.ca\/fr\/wp-json\/wp\/v2\/pages\/4239\/revisions"}],"up":[{"embeddable":true,"href":"https:\/\/smokefreehousingon.ca\/fr\/wp-json\/wp\/v2\/pages\/4119"}],"wp:attachment":[{"href":"https:\/\/smokefreehousingon.ca\/fr\/wp-json\/wp\/v2\/media?parent=4239"}],"curies":[{"name":"wp","href":"https:\/\/api.w.org\/{rel}","templated":true}]}}