{"id":4205,"date":"2019-12-06T11:47:26","date_gmt":"2019-12-06T15:47:26","guid":{"rendered":"https:\/\/smokefreehousingondev.ca\/?page_id=4205"},"modified":"2025-09-19T10:49:49","modified_gmt":"2025-09-19T13:49:49","slug":"comprendre-les-implications-juridiques","status":"publish","type":"page","link":"https:\/\/smokefreehousingon.ca\/fr\/agir-contre\/locations\/comprendre-les-implications-juridiques\/","title":{"rendered":"Comprendre les implications juridiques"},"content":{"rendered":"\t\t<div data-elementor-type=\"wp-page\" data-elementor-id=\"4205\" class=\"elementor elementor-4205 elementor-3775\" data-elementor-post-type=\"page\">\n\t\t\t\t<div class=\"elementor-element elementor-element-4703b66f spacebullets e-flex e-con-boxed e-con e-parent\" data-id=\"4703b66f\" data-element_type=\"container\" data-e-type=\"container\">\n\t\t\t\t\t<div class=\"e-con-inner\">\n\t\t\t\t<div class=\"elementor-element elementor-element-298e572c elementor-widget elementor-widget-text-editor\" data-id=\"298e572c\" data-element_type=\"widget\" data-e-type=\"widget\" data-widget_type=\"text-editor.default\">\n\t\t\t\t<div class=\"elementor-widget-container\">\n\t\t\t\t\t\t\t\t\t<div class=\"wpb_text_column wpb_content_element\"><div class=\"wpb_wrapper\"><p><a href=\"https:\/\/smokefreehousingon.ca\/fr\/question-frequentes\/cooperatives-dhabitation\/\">Questions relatives aux enjeux juridiques<\/a><\/p><p>Les renseignements suivants proviennent d\u2019un avis juridique pr\u00e9par\u00e9 par David\u00a0H.\u00a0Hill; C.M., Q.C. De Perley-Robertson, Hill &amp; McDougall. Il a \u00e9t\u00e9 mandat\u00e9 par l\u2019ancien R\u00e9seau ontarien sans tabac, un r\u00e9seau interagence provincial form\u00e9 de la division de l\u2019Ontario de la Soci\u00e9t\u00e9 canadienne du cancer, de la Fondation des maladies du c\u0153ur de l\u2019Ontario et l\u2019Ontario Lung Association, avec la participation de l\u2019Association pour les droits des non-fumeurs;<\/p><p>Il convient de noter qu\u2019il peut y avoir des logements membres et des logements non membres au sein d\u2019une coop\u00e9rative d\u2019habitation. Ces renseignements juridiques concernent uniquement les logements membres.<\/p><p>La pr\u00e9sente section repr\u00e9sentant notre interpr\u00e9tation de l\u2019avis juridique, et n\u2019abordant pas tous les enjeux soulev\u00e9s par l\u2019avis, elle doit \u00eatre utilis\u00e9e \u00e0 titre informatif uniquement. Si vous pr\u00e9voyez mettre en place une politique sans fum\u00e9e, il est recommand\u00e9 d\u2019examiner l\u2019ensemble de l\u2019avis juridique. Il est \u00e9galement recommand\u00e9 que les soci\u00e9t\u00e9s coop\u00e9ratives d\u2019habitation qui s\u2019int\u00e9ressent \u00e0 des questions juridiques pr\u00e9cises \u00e0 ce sujet obtiennent des conseils juridiques ind\u00e9pendants.<\/p><\/div><\/div><div class=\"wpb_text_column wpb_content_element\"><div class=\"wpb_wrapper\"><p>Les lois qui doivent \u00eatre respect\u00e9es dans la pr\u00e9paration de politiques sans fum\u00e9e dans les coop\u00e9ratives sont \u00e9num\u00e9r\u00e9es ci-dessous\u00a0:<\/p><\/div><\/div>\t\t\t\t\t\t\t\t<\/div>\n\t\t\t\t<\/div>\n\t\t\t\t<div class=\"elementor-element elementor-element-741be64 elementor-widget elementor-widget-jet-accordion\" data-id=\"741be64\" data-element_type=\"widget\" data-e-type=\"widget\" data-widget_type=\"jet-accordion.default\">\n\t\t\t\t<div class=\"elementor-widget-container\">\n\t\t\t\t\t\t\t\t\t<div class=\"jet-accordion\" data-settings=\"{&quot;collapsible&quot;:false,&quot;ajaxTemplate&quot;:false,&quot;switchScrolling&quot;:false,&quot;switchScrollingTablet&quot;:false,&quot;switchScrollingMobile&quot;:false,&quot;switchScrollingOffset&quot;:{&quot;size&quot;:0,&quot;unit&quot;:&quot;px&quot;},&quot;switchScrollingOffsetTablet&quot;:{&quot;size&quot;:0,&quot;unit&quot;:&quot;px&quot;},&quot;switchScrollingOffsetMobile&quot;:{&quot;size&quot;:0,&quot;unit&quot;:&quot;px&quot;},&quot;switchScrollingDelay&quot;:500,&quot;switchScrollingDelayTablet&quot;:500,&quot;switchScrollingDelayMobile&quot;:500}\">\n\t\t\t<div class=\"jet-accordion__inner\">\n\t\t\t\t<div class=\" jet-accordion__item jet-toggle jet-toggle-move-up-effect \">\n\t\t\t\t\t\t\t<div id=\"jet-toggle-control-1211\" class=\"jet-toggle__control elementor-menu-anchor\" data-toggle=\"1\" role=\"button\" tabindex=\"0\" aria-controls=\"jet-toggle-content-1211\" aria-expanded=\"false\" data-template-id=\"false\">\n\t\t\t\t\t\t\t\t<div class=\"jet-toggle__label-icon jet-toggle-icon-position-left\"><span class=\"jet-toggle__icon icon-normal jet-tabs-icon\"><svg class=\"e-font-icon-svg e-fas-plus\" viewBox=\"0 0 448 512\" xmlns=\"http:\/\/www.w3.org\/2000\/svg\"><path d=\"M416 208H272V64c0-17.67-14.33-32-32-32h-32c-17.67 0-32 14.33-32 32v144H32c-17.67 0-32 14.33-32 32v32c0 17.67 14.33 32 32 32h144v144c0 17.67 14.33 32 32 32h32c17.67 0 32-14.33 32-32V304h144c17.67 0 32-14.33 32-32v-32c0-17.67-14.33-32-32-32z\"><\/path><\/svg><\/span><span class=\"jet-toggle__icon icon-active jet-tabs-icon\"><svg class=\"e-font-icon-svg e-fas-minus\" viewBox=\"0 0 448 512\" xmlns=\"http:\/\/www.w3.org\/2000\/svg\"><path d=\"M416 208H32c-17.67 0-32 14.33-32 32v32c0 17.67 14.33 32 32 32h384c17.67 0 32-14.33 32-32v-32c0-17.67-14.33-32-32-32z\"><\/path><\/svg><\/span><\/div><div class=\"jet-toggle__label-text\">Loi sur les soci\u00e9t\u00e9s coop\u00e9ratives<\/div>\t\t\t\t\t\t\t<\/div>\n\t\t\t\t\t\t\t<div id=\"jet-toggle-content-1211\" class=\"jet-toggle__content\" data-toggle=\"1\" role=\"region\" data-template-id=\"false\">\n\t\t\t\t\t\t\t\t<div class=\"jet-toggle__content-inner\"><p>Les coop\u00e9ratives de logement de l\u2019Ontario sont r\u00e9gies par la <em>Loi sur les soci\u00e9t\u00e9s coop\u00e9ratives<\/em>. Les membres des coop\u00e9ratives \u00e9lisent leurs conseils d\u2019administration et proposent et votent des r\u00e8glements administratifs, y compris ceux li\u00e9s au tabac, lors de r\u00e9unions des membres (p.\u00a0ex. assembl\u00e9es g\u00e9n\u00e9rales annuelles). Les coop\u00e9ratives peuvent soumettre des requ\u00eates \u00e0 la\u00a0<a href=\"http:\/\/www.sjto.gov.on.ca\/cli\/\" target=\"_blank\" rel=\"noopener\">Commission de la location immobili\u00e8re<\/a>\u00a0pour faire appliquer leurs r\u00e8glements administratifs, y compris des interdictions du tabac.<\/p><p>Les membres qui re\u00e7oivent un avis d\u2019expulsion peuvent interjeter appel pour que cette d\u00e9cision soit invalid\u00e9e \u00e0 une r\u00e9union des membres uniquement si les r\u00e8glements administratifs de la coop\u00e9rative le permettent.<\/p><p>T\u00e9l\u00e9chargez la\u00a0<a href=\"https:\/\/www.ontario.ca\/fr\/lois\/loi\/90c35\" target=\"_blank\" rel=\"noopener\"><i>Loi sur les soci\u00e9t\u00e9s coop\u00e9ratives<\/i><\/a>.<\/p><\/div>\n\t\t\t\t\t\t\t<\/div>\n\t\t\t\t\t\t<\/div><div class=\" jet-accordion__item jet-toggle jet-toggle-move-up-effect \">\n\t\t\t\t\t\t\t<div id=\"jet-toggle-control-1212\" class=\"jet-toggle__control elementor-menu-anchor\" data-toggle=\"2\" role=\"button\" tabindex=\"0\" aria-controls=\"jet-toggle-content-1212\" aria-expanded=\"false\" data-template-id=\"false\">\n\t\t\t\t\t\t\t\t<div class=\"jet-toggle__label-icon jet-toggle-icon-position-left\"><span class=\"jet-toggle__icon icon-normal jet-tabs-icon\"><svg class=\"e-font-icon-svg e-fas-plus\" viewBox=\"0 0 448 512\" xmlns=\"http:\/\/www.w3.org\/2000\/svg\"><path d=\"M416 208H272V64c0-17.67-14.33-32-32-32h-32c-17.67 0-32 14.33-32 32v144H32c-17.67 0-32 14.33-32 32v32c0 17.67 14.33 32 32 32h144v144c0 17.67 14.33 32 32 32h32c17.67 0 32-14.33 32-32V304h144c17.67 0 32-14.33 32-32v-32c0-17.67-14.33-32-32-32z\"><\/path><\/svg><\/span><span class=\"jet-toggle__icon icon-active jet-tabs-icon\"><svg class=\"e-font-icon-svg e-fas-minus\" viewBox=\"0 0 448 512\" xmlns=\"http:\/\/www.w3.org\/2000\/svg\"><path d=\"M416 208H32c-17.67 0-32 14.33-32 32v32c0 17.67 14.33 32 32 32h384c17.67 0 32-14.33 32-32v-32c0-17.67-14.33-32-32-32z\"><\/path><\/svg><\/span><\/div><div class=\"jet-toggle__label-text\">Loi de 2017 favorisant un Ontario sans fum\u00e9e<\/div>\t\t\t\t\t\t\t<\/div>\n\t\t\t\t\t\t\t<div id=\"jet-toggle-content-1212\" class=\"jet-toggle__content\" data-toggle=\"2\" role=\"region\" data-template-id=\"false\">\n\t\t\t\t\t\t\t\t<div class=\"jet-toggle__content-inner\"><p>En Ontario, fumer du tabac et du cannabis, et vapoter toute substance est interdit dans les zones communes int\u00e9rieures de propri\u00e9t\u00e9s \u00e0 logements multiples, notamment les foyers, ascenseurs, cages d\u2019escalier, buanderies, couloirs, etc. Cependant, la\u00a0<i>Loi<\/i>\u00a0ne s\u2019applique pas aux situations o\u00f9 les r\u00e9sidents partagent des \u00ab\u00a0zones communes\u00a0\u00bb au sein de logements priv\u00e9s comme les cuisines, salons et salles de bains, par exemple quand ils louent une chambre dans une maison, mais partagent une cuisine et une salle de bain. Dans certaines situations, comme en cas de prestation de services de garderie ou de soins de sant\u00e9 \u00e0 domicile, la\u00a0<i>Loi<\/i>\u00a0reconna\u00eet les logements priv\u00e9s comme des lieux de travail et fumer y est \u00e9galement interdit.<\/p><p>La loi permet \u00e0 certains types de r\u00e9sidences servant \u00e9galement de lieu de travail d\u2019\u00e9tablir des \u00ab\u00a0zones fumeurs contr\u00f4l\u00e9es\u00a0\u00bb (\u00e9galement appel\u00e9es fumoirs) pour les r\u00e9sidents uniquement, \u00e0 condition qu\u2019elles soient ferm\u00e9es, qu\u2019elles respectent des exigences de ventilation strictes, et qu\u2019elles ne soient utilis\u00e9es que par les r\u00e9sidents qui peuvent fumer ind\u00e9pendamment. Selon la loi, les types d\u2019installations \u00e0 logements multiples suivants sont autoris\u00e9s \u00e0 avoir des zones fumeurs contr\u00f4l\u00e9es\u00a0:<\/p><ul><li>Maisons de soins infirmiers, foyers de bienfaisance pour personnes \u00e2g\u00e9es, logements supervis\u00e9s;<\/li><li>Maisons de retraite offrant des soins;<\/li><li>\u00c9tablissements psychiatriques;<\/li><li>\u00c9tablissements r\u00e9sidentiels pour anciens combattants.<\/li><\/ul><p>Les h\u00f4tels et autres types d\u2019h\u00e9bergements temporaires sont explicitement exclus de la loi favorable \u00e0 un Ontario sans fum\u00e9e, ce qui signifie que fumer est autoris\u00e9 dans les chambres priv\u00e9es, sauf si l\u2019h\u00f4tel a adopt\u00e9 une politique sans fum\u00e9e.<\/p><ul><li>Lire la\u00a0<a href=\"https:\/\/www.ontario.ca\/fr\/lois\/loi\/94t10\" target=\"_blank\" rel=\"noopener\">Loi favorable \u00e0 un Ontario sans fum\u00e9e.<\/a><\/li><li>Pour de plus amples renseignements, consultez la page <a href=\"https:\/\/www.ontario.ca\/page\/where-you-cant-smoke-or-vape-ontario\" target=\"_blank\" rel=\"noopener\">Ontario sans fum\u00e9e<\/a>.<\/li><\/ul><\/div>\n\t\t\t\t\t\t\t<\/div>\n\t\t\t\t\t\t<\/div><div class=\" jet-accordion__item jet-toggle jet-toggle-move-up-effect \">\n\t\t\t\t\t\t\t<div id=\"jet-toggle-control-1213\" class=\"jet-toggle__control elementor-menu-anchor\" data-toggle=\"3\" role=\"button\" tabindex=\"0\" aria-controls=\"jet-toggle-content-1213\" aria-expanded=\"false\" data-template-id=\"false\">\n\t\t\t\t\t\t\t\t<div class=\"jet-toggle__label-icon jet-toggle-icon-position-left\"><span class=\"jet-toggle__icon icon-normal jet-tabs-icon\"><svg class=\"e-font-icon-svg e-fas-plus\" viewBox=\"0 0 448 512\" xmlns=\"http:\/\/www.w3.org\/2000\/svg\"><path d=\"M416 208H272V64c0-17.67-14.33-32-32-32h-32c-17.67 0-32 14.33-32 32v144H32c-17.67 0-32 14.33-32 32v32c0 17.67 14.33 32 32 32h144v144c0 17.67 14.33 32 32 32h32c17.67 0 32-14.33 32-32V304h144c17.67 0 32-14.33 32-32v-32c0-17.67-14.33-32-32-32z\"><\/path><\/svg><\/span><span class=\"jet-toggle__icon icon-active jet-tabs-icon\"><svg class=\"e-font-icon-svg e-fas-minus\" viewBox=\"0 0 448 512\" xmlns=\"http:\/\/www.w3.org\/2000\/svg\"><path d=\"M416 208H32c-17.67 0-32 14.33-32 32v32c0 17.67 14.33 32 32 32h384c17.67 0 32-14.33 32-32v-32c0-17.67-14.33-32-32-32z\"><\/path><\/svg><\/span><\/div><div class=\"jet-toggle__label-text\">Code des droits de la personne de l\u2019Ontario<\/div>\t\t\t\t\t\t\t<\/div>\n\t\t\t\t\t\t\t<div id=\"jet-toggle-content-1213\" class=\"jet-toggle__content\" data-toggle=\"3\" role=\"region\" data-template-id=\"false\">\n\t\t\t\t\t\t\t\t<div class=\"jet-toggle__content-inner\"><p>Le\u00a0<i>Code des droits de la personne<\/i>\u00a0conf\u00e8re aux Ontariens les m\u00eames droits et possibilit\u00e9s sur des sujets comme l\u2019emploi, le logement et les services. Le\u00a0<i>Code<\/i>\u00a0offre une protection contre la discrimination fond\u00e9e sur la race, l\u2019ascendance, le lieu d\u2019origine, la couleur de peau, l\u2019origine ethnique, la citoyennet\u00e9, les croyances, le sexe, l\u2019orientation sexuelle, les handicaps, l\u2019\u00e2ge, l\u2019\u00e9tat matrimonial, la situation familiale, le fait d\u2019\u00eatre b\u00e9n\u00e9ficiaire d\u2019une assistance publique et les ant\u00e9c\u00e9dents criminels. Lorsqu\u2019il existe un conflit entre le\u00a0<i>Code<\/i>\u00a0et une autre loi de l\u2019Ontario, le\u00a0<i>Code<\/i>\u00a0pr\u00e9vaut g\u00e9n\u00e9ralement.<\/p><p>Dans le contexte du logement,\u00a0<i>le Code des droits de la personne<\/i>\u00a0contient certaines dispositions int\u00e9ressantes concernant les politiques sur le tabac et l\u2019interdiction du tabac aux articles\u00a02 (1), 11 (1) a) et 17 (1) et (2). Il est possible qu\u2019un locataire puisse soumettre une requ\u00eate au Tribunal des droits de la personne de l\u2019Ontario au motif que le propri\u00e9taire n\u2019a pas pris de mesures raisonnables pour r\u00e9soudre un probl\u00e8me de fum\u00e9e secondaire s\u2019infiltrant dans son logement depuis un logement voisin. Un locataire ayant un handicap aggrav\u00e9 par la fum\u00e9e secondaire, tel que l\u2019asthme, ou les allergies, pourrait arguer que le propri\u00e9taire a la responsabilit\u00e9 de limiter ou interdire le tabac afin de s\u2019adapter au handicap du locataire.\u00a0<span class=\"Apple-converted-space\">\u00a0<\/span><\/p><p>\u00c0 l\u2019inverse, le tabagisme n\u2019est pas consid\u00e9r\u00e9 dans le\u00a0<i>Code<\/i>\u00a0comme un motif de protection. En 2007, la Commission ontarienne des droits de la personne (CODP) a publi\u00e9 un rapport sur le logement locatif et les droits de la personne, qui concluait qu\u2019\u00ab\u00a0il y a des d\u00e9cisions conflictuelles quant \u00e0 savoir si fumer peut \u00eatre consid\u00e9r\u00e9 ou non comme un handicap et si autoriser les personnes \u00e0 fumer est une adaptation convenable.\u00a0\u00bb En 2009, la CODP a publi\u00e9 une <a href=\"http:\/\/www.ohrc.on.ca\/sites\/default\/files\/attachments\/Policy_on_human_rights_and_rental_housing_fr.pdf\" target=\"_blank\" rel=\"noopener\">Politique concernant les droits de la personne et le logement locatif<\/a>. La partie\u00a06.1 aborde le sujet du tabac, et sa conclusion est la suivante\u00a0:<\/p><p>\u00ab\u00a0Un fournisseur de logement a le devoir d\u2019explorer les demandes d\u2019adaptation des locataires ayant toute forme de handicap. Il peut \u00eatre demand\u00e9 aux locataires de coop\u00e9rer et contribuer \u00e0 l\u2019adaptation pour eux-m\u00eames, et au besoin, pour les autres locataires.\u00a0\u00bb<\/p><p>Cependant, compte tenu des risques inh\u00e9rents associ\u00e9s au tabagisme, un fournisseur de logement peut avoir peu ou pas d\u2019obligation de s\u2019adapter au besoin du locataire de fumer, si cela entra\u00eenerait une contrainte excessive, par exemple, en affectant n\u00e9gativement la sant\u00e9 et la s\u00e9curit\u00e9 des autres locataires.<\/p><p>La question du tabagisme en tant que handicap a \u00e9t\u00e9 trait\u00e9e \u00e0 plusieurs reprises au fil des ann\u00e9es, et les tribunaux canadiens ont toujours conclu (\u00e0 une exception pr\u00e8s) que la d\u00e9pendance \u00e0 la nicotine n\u2019est pas un handicap. La seule exception \u00e9tait une d\u00e9cision de la Commission des relations de travail de la Colombie-Britannique dans le contexte d\u2019un emploi. Cominco, une fonderie de nickel, avait interdit le tabac sur le site de l\u2019usine, et bien que la Commission ait jug\u00e9 que l\u2019interdiction constituait une discrimination contre les fumeurs fortement d\u00e9pendants, elle a \u00e9galement reconnu que la politique sans fum\u00e9e de l\u2019employeur \u00e9tait raisonnable, et adopt\u00e9e pour prot\u00e9ger les non-fumeurs contre un danger connu. L\u2019affaire a \u00e9t\u00e9 dirig\u00e9e vers les parties pour trouver une solution d\u2019adaptation aux fumeurs fortement d\u00e9pendants, et l\u2019interdiction de fumer de Cominco demeure en effet aujourd\u2019hui.<\/p><p>Il est important de noter que cette d\u00e9cision s\u2019appliquait \u00e0 une situation d\u2019emploi. En ce qui concerne le logement, il est peu probable qu\u2019un arbitre ou un juge pr\u00e9f\u00e8re que les locataires soient constamment expos\u00e9s \u00e0 la fum\u00e9e secondaire plut\u00f4t que de violer le droit suppos\u00e9 d\u2019une personne \u00e0 fumer. Le fait qu\u2019une personne exerce sa libert\u00e9 de fumer ne signifie pas n\u00e9cessairement qu\u2019elle a un droit absolu de fumer.<\/p><p>Le probl\u00e8me central est le sevrage de la nicotine. M\u00eame si \u00e0 l\u2019avenir, un arbitre ou un juge d\u00e9terminait que le tabagisme d\u2019un locataire est un handicap, l\u2019objectif deviendra pour le propri\u00e9taire d\u2019offrir une adaptation raisonnable sans contrainte excessive. Cela pourrait inclure d\u2019offrir une zone fumeur ext\u00e9rieure, d\u2019apporter des modifications physiques au logement du fumeur, ou d\u2019offrir une th\u00e9rapie de remplacement de la nicotine, etc.<\/p><p>Il doit \u00eatre not\u00e9 que la d\u00e9signation d\u2019un handicap est individuelle. Si un juge venait \u00e0 d\u00e9cider qu\u2019un locataire fumeur \u00e9tait handicap\u00e9, cela ne signifie pas que tous les fumeurs en Ontario devraient aussi \u00eatre reconnus comme handicap\u00e9s.<\/p><ul><li>T\u00e9l\u00e9charger le\u00a0<a href=\"https:\/\/www.ontario.ca\/fr\/lois\/loi\/90h19\" target=\"_blank\" rel=\"noopener\">Code des droits de la personne<\/a> de l\u2019Ontario.<\/li><li>Lire le\u00a0<a href=\"http:\/\/www.ohrc.on.ca\/fr\/guide-concernant-vos-droits-et-responsabilit%25C3%25A9s-en-vertu-du-code-des-droits-de-la-personne-0\" target=\"_blank\" rel=\"noopener\">Guide concernant vos droits et responsabilit\u00e9s en vertu du Code des droits de la personne.<\/a><\/li><li>Voir la fiche d\u2019information sur les \u00a0<a href=\"https:\/\/smokefreehousingon.ca\/wp-content\/uploads\/2015\/12\/human_Rights_and_SF_MUDs.pdf\">Human Rights and No-Smoking Politices for Multi-Unit Dwellings<\/a>.<\/li><li>En savoir plus sur\u00a0<a href=\"https:\/\/smokefreehousingon.ca\/wp-content\/uploads\/2015\/12\/Canadian_drift_smoke_case_law_March_2007.pdf\">le tabagisme et les affaires juridiques des droits de la personne.<\/a><\/li><\/ul><\/div>\n\t\t\t\t\t\t\t<\/div>\n\t\t\t\t\t\t<\/div><div class=\" jet-accordion__item jet-toggle jet-toggle-move-up-effect \">\n\t\t\t\t\t\t\t<div id=\"jet-toggle-control-1214\" class=\"jet-toggle__control elementor-menu-anchor\" data-toggle=\"4\" role=\"button\" tabindex=\"0\" aria-controls=\"jet-toggle-content-1214\" aria-expanded=\"false\" data-template-id=\"false\">\n\t\t\t\t\t\t\t\t<div class=\"jet-toggle__label-icon jet-toggle-icon-position-left\"><span class=\"jet-toggle__icon icon-normal jet-tabs-icon\"><svg class=\"e-font-icon-svg e-fas-plus\" viewBox=\"0 0 448 512\" xmlns=\"http:\/\/www.w3.org\/2000\/svg\"><path d=\"M416 208H272V64c0-17.67-14.33-32-32-32h-32c-17.67 0-32 14.33-32 32v144H32c-17.67 0-32 14.33-32 32v32c0 17.67 14.33 32 32 32h144v144c0 17.67 14.33 32 32 32h32c17.67 0 32-14.33 32-32V304h144c17.67 0 32-14.33 32-32v-32c0-17.67-14.33-32-32-32z\"><\/path><\/svg><\/span><span class=\"jet-toggle__icon icon-active jet-tabs-icon\"><svg class=\"e-font-icon-svg e-fas-minus\" viewBox=\"0 0 448 512\" xmlns=\"http:\/\/www.w3.org\/2000\/svg\"><path d=\"M416 208H32c-17.67 0-32 14.33-32 32v32c0 17.67 14.33 32 32 32h384c17.67 0 32-14.33 32-32v-32c0-17.67-14.33-32-32-32z\"><\/path><\/svg><\/span><\/div><div class=\"jet-toggle__label-text\">Charte canadienne des droits et des libert\u00e9s<\/div>\t\t\t\t\t\t\t<\/div>\n\t\t\t\t\t\t\t<div id=\"jet-toggle-content-1214\" class=\"jet-toggle__content\" data-toggle=\"4\" role=\"region\" data-template-id=\"false\">\n\t\t\t\t\t\t\t\t<div class=\"jet-toggle__content-inner\"><p>La\u00a0<i>Charte canadienne des droits et des libert\u00e9s<\/i>\u00a0est une d\u00e9claration de droits ancr\u00e9e dans la Constitution du Canada. Elle forme la premi\u00e8re partie de la <i>Loi constitutionnelle<\/i> de 1982, et sert \u00e0 prot\u00e9ger certains droits politiques et civils des habitants du Canada contre les politiques et actions de tous les \u00e9chelons du gouvernement. Voici quelques exemples de ces droits et libert\u00e9s\u00a0:<\/p><ul><li>Le droit \u00e0 la vie, \u00e0 la libert\u00e9 et \u00e0 la s\u00e9curit\u00e9 (article\u00a07);<\/li><li>Le droit \u00e0 la protection contre tous traitements ou peines cruels et inusit\u00e9s (article\u00a012);<\/li><li>Le droit \u00e0 l\u2019\u00e9galit\u00e9 devant la loi (article\u00a015);<\/li><li>La libert\u00e9 de pens\u00e9e, de croyance, d\u2019opinion et d\u2019expression, y compris la libert\u00e9 de religion (paragraphe\u00a02a).<\/li><\/ul><p>La\u00a0<i>Charte<\/i>\u00a0s\u2019applique uniquement aux lois et mesures gouvernementales (y compris les lois et mesures des administrations f\u00e9d\u00e9rales, provinciales et municipales et des conseils scolaires publics), et non aux activit\u00e9s priv\u00e9es telles que les dispositions d\u2019un bail de location. Contrairement aux revendications de divers groupes de d\u00e9fense des droits des fumeurs,\u00a0<i>la Charte<\/i>\u00a0ne prot\u00e8ge pas les fumeurs contre la discrimination.<\/p><p>Les droits et libert\u00e9s indiqu\u00e9s ci-dessus ont \u00e9t\u00e9 choisis comme exemples, car de nombreuses lois et politiques canadiennes d\u2019interdiction du tabac ont \u00e9t\u00e9 remises en question au motif de ces articles de la\u00a0<i>Charte.<\/i>\u00a0Les juges charg\u00e9s de ces affaires ont toujours conclu que la\u00a0<i>Charte<\/i>\u00a0ne reconna\u00eet pas les fumeurs comme un groupe souffrant d\u2019un d\u00e9savantage social, politique ou juridique dans notre soci\u00e9t\u00e9. En vertu de cette l\u00e9gislation, fumer n\u2019est pas consid\u00e9r\u00e9 comme un handicap physique, et cela a \u00e9t\u00e9 d\u00e9montr\u00e9 dans\u00a0<a href=\"https:\/\/smokefreehousingon.ca\/wp-content\/uploads\/2015\/12\/Canadian_drift_smoke_case_law_March_2007.pdf\">plusieurs affaires.<\/a><\/p><\/div>\n\t\t\t\t\t\t\t<\/div>\n\t\t\t\t\t\t<\/div>\t\t\t<\/div>\n\t\t<\/div>\n\t\t\t\t\t\t<\/div>\n\t\t\t\t<\/div>\n\t\t\t\t\t<\/div>\n\t\t\t\t<\/div>\n\t\t\t\t<\/div>\n\t\t","protected":false},"excerpt":{"rendered":"<p>Questions relatives aux enjeux juridiques Les renseignements suivants proviennent d\u2019un avis juridique pr\u00e9par\u00e9 par David\u00a0H.\u00a0Hill; C.M., Q.C. De Perley-Robertson, Hill &amp; McDougall. Il a \u00e9t\u00e9 mandat\u00e9 par l\u2019ancien R\u00e9seau ontarien sans tabac, un r\u00e9seau interagence provincial form\u00e9 de la division de l\u2019Ontario de la Soci\u00e9t\u00e9 canadienne du cancer, de la Fondation des maladies du c\u0153ur [&hellip;]<\/p>\n","protected":false},"author":1,"featured_media":0,"parent":4307,"menu_order":0,"comment_status":"closed","ping_status":"closed","template":"","meta":{"footnotes":""},"class_list":["post-4205","page","type-page","status-publish","hentry"],"_links":{"self":[{"href":"https:\/\/smokefreehousingon.ca\/fr\/wp-json\/wp\/v2\/pages\/4205","targetHints":{"allow":["GET"]}}],"collection":[{"href":"https:\/\/smokefreehousingon.ca\/fr\/wp-json\/wp\/v2\/pages"}],"about":[{"href":"https:\/\/smokefreehousingon.ca\/fr\/wp-json\/wp\/v2\/types\/page"}],"author":[{"embeddable":true,"href":"https:\/\/smokefreehousingon.ca\/fr\/wp-json\/wp\/v2\/users\/1"}],"replies":[{"embeddable":true,"href":"https:\/\/smokefreehousingon.ca\/fr\/wp-json\/wp\/v2\/comments?post=4205"}],"version-history":[{"count":3,"href":"https:\/\/smokefreehousingon.ca\/fr\/wp-json\/wp\/v2\/pages\/4205\/revisions"}],"predecessor-version":[{"id":6470,"href":"https:\/\/smokefreehousingon.ca\/fr\/wp-json\/wp\/v2\/pages\/4205\/revisions\/6470"}],"up":[{"embeddable":true,"href":"https:\/\/smokefreehousingon.ca\/fr\/wp-json\/wp\/v2\/pages\/4307"}],"wp:attachment":[{"href":"https:\/\/smokefreehousingon.ca\/fr\/wp-json\/wp\/v2\/media?parent=4205"}],"curies":[{"name":"wp","href":"https:\/\/api.w.org\/{rel}","templated":true}]}}