{"id":4183,"date":"2019-12-06T11:16:06","date_gmt":"2019-12-06T15:16:06","guid":{"rendered":"https:\/\/smokefreehousingondev.ca\/?page_id=4183"},"modified":"2024-11-21T10:08:56","modified_gmt":"2024-11-21T14:08:56","slug":"question-frequentes","status":"publish","type":"page","link":"https:\/\/smokefreehousingon.ca\/fr\/question-frequentes\/","title":{"rendered":"Question fr\u00e9quentes"},"content":{"rendered":"\t\t<div data-elementor-type=\"wp-page\" data-elementor-id=\"4183\" class=\"elementor elementor-4183 elementor-4018\" data-elementor-post-type=\"page\">\n\t\t\t\t<div class=\"elementor-element elementor-element-68114fb0 spacebullets e-flex e-con-boxed e-con e-parent\" data-id=\"68114fb0\" data-element_type=\"container\" data-e-type=\"container\">\n\t\t\t\t\t<div class=\"e-con-inner\">\n\t\t\t\t<div class=\"elementor-element elementor-element-67efb2fa elementor-widget elementor-widget-text-editor\" data-id=\"67efb2fa\" data-element_type=\"widget\" data-e-type=\"widget\" data-widget_type=\"text-editor.default\">\n\t\t\t\t<div class=\"elementor-widget-container\">\n\t\t\t\t\t\t\t\t\t<p>Dans cette section, vous trouverez des r\u00e9ponses aux questions courantes sur le tabagisme et la fum\u00e9e secondaire, sur la n\u00e9cessit\u00e9 de rendre votre propri\u00e9t\u00e9 sans fum\u00e9e et sur les questions juridiques.<\/p><ul><li><a href=\"https:\/\/smokefreehousingon.ca\/fr\/question-frequentes\/locations\/\">Locations<\/a><\/li><li><a href=\"https:\/\/smokefreehousingon.ca\/fr\/question-frequentes\/condominiums\/\">Condominiums<\/a><\/li><li><a href=\"https:\/\/smokefreehousingon.ca\/fr\/question-frequentes\/cooperatives-dhabitation\/\">Coop\u00e9ratives d\u2019habitation<\/a><\/li><li><a href=\"https:\/\/smokefreehousingon.ca\/fr\/question-frequentes\/logements-sans-but-lucratif\/\">Logements sans but lucratif<\/a><\/li><\/ul>\t\t\t\t\t\t\t\t<\/div>\n\t\t\t\t<\/div>\n\t\t\t\t\t<\/div>\n\t\t\t\t<\/div>\n\t\t\t\t<\/div>\n\t\t","protected":false},"excerpt":{"rendered":"<p>Dans cette section, vous trouverez des r\u00e9ponses aux questions courantes sur le tabagisme et la fum\u00e9e secondaire, sur la n\u00e9cessit\u00e9 de rendre votre propri\u00e9t\u00e9 sans fum\u00e9e et sur les questions juridiques. Locations Condominiums Coop\u00e9ratives d\u2019habitation Logements sans but lucratif<\/p>\n","protected":false},"author":1,"featured_media":0,"parent":0,"menu_order":0,"comment_status":"closed","ping_status":"closed","template":"","meta":{"footnotes":""},"class_list":["post-4183","page","type-page","status-publish","hentry"],"_links":{"self":[{"href":"https:\/\/smokefreehousingon.ca\/fr\/wp-json\/wp\/v2\/pages\/4183","targetHints":{"allow":["GET"]}}],"collection":[{"href":"https:\/\/smokefreehousingon.ca\/fr\/wp-json\/wp\/v2\/pages"}],"about":[{"href":"https:\/\/smokefreehousingon.ca\/fr\/wp-json\/wp\/v2\/types\/page"}],"author":[{"embeddable":true,"href":"https:\/\/smokefreehousingon.ca\/fr\/wp-json\/wp\/v2\/users\/1"}],"replies":[{"embeddable":true,"href":"https:\/\/smokefreehousingon.ca\/fr\/wp-json\/wp\/v2\/comments?post=4183"}],"version-history":[{"count":0,"href":"https:\/\/smokefreehousingon.ca\/fr\/wp-json\/wp\/v2\/pages\/4183\/revisions"}],"wp:attachment":[{"href":"https:\/\/smokefreehousingon.ca\/fr\/wp-json\/wp\/v2\/media?parent=4183"}],"curies":[{"name":"wp","href":"https:\/\/api.w.org\/{rel}","templated":true}]}}