{"id":4131,"date":"2019-12-06T11:13:49","date_gmt":"2019-12-06T15:13:49","guid":{"rendered":"https:\/\/smokefreehousingondev.ca\/?page_id=4131"},"modified":"2024-11-20T12:15:10","modified_gmt":"2024-11-20T16:15:10","slug":"outils-et-ressources","status":"publish","type":"page","link":"https:\/\/smokefreehousingon.ca\/fr\/outils-et-ressources\/","title":{"rendered":"Outils et ressources"},"content":{"rendered":"\t\t<div data-elementor-type=\"wp-page\" data-elementor-id=\"4131\" class=\"elementor elementor-4131 elementor-4009\" data-elementor-post-type=\"page\">\n\t\t\t\t<div class=\"elementor-element elementor-element-e181321 spacebullets e-flex e-con-boxed e-con e-parent\" data-id=\"e181321\" data-element_type=\"container\" data-e-type=\"container\">\n\t\t\t\t\t<div class=\"e-con-inner\">\n\t\t\t\t<div class=\"elementor-element elementor-element-de35a10 elementor-widget elementor-widget-text-editor\" data-id=\"de35a10\" data-element_type=\"widget\" data-e-type=\"widget\" data-widget_type=\"text-editor.default\">\n\t\t\t\t<div class=\"elementor-widget-container\">\n\t\t\t\t\t\t\t\t\t<p>Dans cette section, vous trouverez des outils et des ressources pour vous aider \u00e0 agir contre la fum\u00e9e secondaire.<\/p><ul><li><a href=\"https:\/\/smokefreehousingon.ca\/fr\/outils-et-ressources\/locations\/\">Locations<\/a><\/li><li><a href=\"https:\/\/smokefreehousingon.ca\/fr\/outils-et-ressources\/condominiums\/\">Condominiums<\/a><\/li><li><a href=\"https:\/\/smokefreehousingon.ca\/fr\/outils-et-ressources\/cooperatives\/\">Coop\u00e9ratives<\/a><\/li><li><a href=\"https:\/\/smokefreehousingon.ca\/fr\/outils-et-ressources\/logements-sans-but-lucratif\/\">Logements sans but lucratif<\/a><\/li><li><a href=\"https:\/\/smokefreehousingon.ca\/fr\/outils-et-ressources\/professionnels-de-la-sante-publique\/\">Professionnels de la sant\u00e9 publique<\/a><\/li><\/ul>\t\t\t\t\t\t\t\t<\/div>\n\t\t\t\t<\/div>\n\t\t\t\t\t<\/div>\n\t\t\t\t<\/div>\n\t\t\t\t<\/div>\n\t\t","protected":false},"excerpt":{"rendered":"<p>Dans cette section, vous trouverez des outils et des ressources pour vous aider \u00e0 agir contre la fum\u00e9e secondaire. Locations Condominiums Coop\u00e9ratives Logements sans but lucratif Professionnels de la sant\u00e9 publique<\/p>\n","protected":false},"author":1,"featured_media":0,"parent":0,"menu_order":0,"comment_status":"closed","ping_status":"closed","template":"","meta":{"footnotes":""},"class_list":["post-4131","page","type-page","status-publish","hentry"],"_links":{"self":[{"href":"https:\/\/smokefreehousingon.ca\/fr\/wp-json\/wp\/v2\/pages\/4131","targetHints":{"allow":["GET"]}}],"collection":[{"href":"https:\/\/smokefreehousingon.ca\/fr\/wp-json\/wp\/v2\/pages"}],"about":[{"href":"https:\/\/smokefreehousingon.ca\/fr\/wp-json\/wp\/v2\/types\/page"}],"author":[{"embeddable":true,"href":"https:\/\/smokefreehousingon.ca\/fr\/wp-json\/wp\/v2\/users\/1"}],"replies":[{"embeddable":true,"href":"https:\/\/smokefreehousingon.ca\/fr\/wp-json\/wp\/v2\/comments?post=4131"}],"version-history":[{"count":0,"href":"https:\/\/smokefreehousingon.ca\/fr\/wp-json\/wp\/v2\/pages\/4131\/revisions"}],"wp:attachment":[{"href":"https:\/\/smokefreehousingon.ca\/fr\/wp-json\/wp\/v2\/media?parent=4131"}],"curies":[{"name":"wp","href":"https:\/\/api.w.org\/{rel}","templated":true}]}}