{"id":4122,"date":"2019-08-14T08:56:19","date_gmt":"2019-08-14T11:56:19","guid":{"rendered":"https:\/\/smokefreehousingondev.ca\/?page_id=4122"},"modified":"2024-11-20T10:11:10","modified_gmt":"2024-11-20T14:11:10","slug":"agir-contre","status":"publish","type":"page","link":"https:\/\/smokefreehousingon.ca\/fr\/agir-contre\/","title":{"rendered":"Agir contre la fum\u00e9e secondaire"},"content":{"rendered":"\t\t<div data-elementor-type=\"wp-page\" data-elementor-id=\"4122\" class=\"elementor elementor-4122 elementor-3322\" data-elementor-post-type=\"page\">\n\t\t\t\t<div class=\"elementor-element elementor-element-68b8979c spacebullets e-flex e-con-boxed e-con e-parent\" data-id=\"68b8979c\" data-element_type=\"container\" data-e-type=\"container\">\n\t\t\t\t\t<div class=\"e-con-inner\">\n\t\t\t\t<div class=\"elementor-element elementor-element-3c5c5ebc elementor-widget elementor-widget-text-editor\" data-id=\"3c5c5ebc\" data-element_type=\"widget\" data-e-type=\"widget\" data-widget_type=\"text-editor.default\">\n\t\t\t\t<div class=\"elementor-widget-container\">\n\t\t\t\t\t\t\t\t\t<p>Dans cette section, vous trouverez quelques fa\u00e7ons d\u2019agir contre la fum\u00e9e secondaire dans les immeubles \u00e0 logements multiples.<\/p><ul><li><a href=\"https:\/\/smokefreehousingon.ca\/fr\/agir-contre\/locations\/\">Locations<\/a><\/li><li><a href=\"https:\/\/smokefreehousingon.ca\/fr\/agir-contre\/condominiums\/\">Condominiums<\/a><\/li><li><a href=\"https:\/\/smokefreehousingon.ca\/fr\/agir-contre\/cooperatives\/\">Coop\u00e9ratives<\/a><\/li><\/ul>\t\t\t\t\t\t\t\t<\/div>\n\t\t\t\t<\/div>\n\t\t\t\t\t<\/div>\n\t\t\t\t<\/div>\n\t\t\t\t<\/div>\n\t\t","protected":false},"excerpt":{"rendered":"<p>Dans cette section, vous trouverez quelques fa\u00e7ons d\u2019agir contre la fum\u00e9e secondaire dans les immeubles \u00e0 logements multiples. Locations Condominiums Coop\u00e9ratives<\/p>\n","protected":false},"author":1,"featured_media":0,"parent":0,"menu_order":0,"comment_status":"closed","ping_status":"closed","template":"","meta":{"footnotes":""},"class_list":["post-4122","page","type-page","status-publish","hentry"],"_links":{"self":[{"href":"https:\/\/smokefreehousingon.ca\/fr\/wp-json\/wp\/v2\/pages\/4122","targetHints":{"allow":["GET"]}}],"collection":[{"href":"https:\/\/smokefreehousingon.ca\/fr\/wp-json\/wp\/v2\/pages"}],"about":[{"href":"https:\/\/smokefreehousingon.ca\/fr\/wp-json\/wp\/v2\/types\/page"}],"author":[{"embeddable":true,"href":"https:\/\/smokefreehousingon.ca\/fr\/wp-json\/wp\/v2\/users\/1"}],"replies":[{"embeddable":true,"href":"https:\/\/smokefreehousingon.ca\/fr\/wp-json\/wp\/v2\/comments?post=4122"}],"version-history":[{"count":0,"href":"https:\/\/smokefreehousingon.ca\/fr\/wp-json\/wp\/v2\/pages\/4122\/revisions"}],"wp:attachment":[{"href":"https:\/\/smokefreehousingon.ca\/fr\/wp-json\/wp\/v2\/media?parent=4122"}],"curies":[{"name":"wp","href":"https:\/\/api.w.org\/{rel}","templated":true}]}}