{"id":4119,"date":"2019-12-06T10:51:11","date_gmt":"2019-12-06T14:51:11","guid":{"rendered":"https:\/\/smokefreehousingondev.ca\/?page_id=4119"},"modified":"2024-11-20T11:41:45","modified_gmt":"2024-11-20T15:41:45","slug":"cooperatives","status":"publish","type":"page","link":"https:\/\/smokefreehousingon.ca\/fr\/agir-contre\/cooperatives\/","title":{"rendered":"Coop\u00e9ratives"},"content":{"rendered":"\t\t<div data-elementor-type=\"wp-page\" data-elementor-id=\"4119\" class=\"elementor elementor-4119 elementor-3226\" data-elementor-post-type=\"page\">\n\t\t\t\t<div class=\"elementor-element elementor-element-7dd512b8 spacebullets e-flex e-con-boxed e-con e-parent\" data-id=\"7dd512b8\" data-element_type=\"container\" data-e-type=\"container\">\n\t\t\t\t\t<div class=\"e-con-inner\">\n\t\t\t\t<div class=\"elementor-element elementor-element-374aa87b elementor-widget elementor-widget-text-editor\" data-id=\"374aa87b\" data-element_type=\"widget\" data-e-type=\"widget\" data-widget_type=\"text-editor.default\">\n\t\t\t\t<div class=\"elementor-widget-container\">\n\t\t\t\t\t\t\t\t\t<p>Renseignez-vous sur les mesures \u00e0 prendre pour agir contre la fum\u00e9e secondaire dans votre immeuble\u00a0:<\/p><ul><li><a href=\"https:\/\/smokefreehousingon.ca\/fr\/agir-contre\/cooperatives\/la-fumee-secondaire-dans-les-immeubles-a-logements-multiples\/\">En savoir plus sur la fum\u00e9e secondaire dans les immeubles \u00e0 logements multiples<\/a><\/li><li><a href=\"https:\/\/smokefreehousingon.ca\/fr\/agir-contre\/cooperatives\/comprendre-les-implications-juridiques\/\">Comprendre les implications juridiques<\/a><\/li><li><a href=\"https:\/\/smokefreehousingon.ca\/fr\/agir-contre\/cooperatives\/determiner-si-la-fumee-est-un-probleme\/\">D\u00e9terminer si la fum\u00e9e est un probl\u00e8me dans votre immeuble<\/a><\/li><li><a href=\"https:\/\/smokefreehousingon.ca\/fr\/agir-contre\/cooperatives\/prendre-des-mesures-pour-reduire-la-fumee-secondaire\/\">Prendre des mesures pour r\u00e9duire la fum\u00e9e secondaire<\/a><\/li><li><a href=\"https:\/\/smokefreehousingon.ca\/fr\/agir-contre\/cooperatives\/creer-une-politique-sans-fumee\/\">Cr\u00e9er une politique sans fum\u00e9e<\/a><\/li><li><a href=\"https:\/\/smokefreehousingon.ca\/fr\/agir-contre\/cooperatives\/mettre-en-place-une-politique-sans-fumee\/\">Mettre en place une politique sans fum\u00e9e<\/a><\/li><li><a href=\"https:\/\/smokefreehousingon.ca\/fr\/agir-contre\/cooperatives\/faire-appliquer-une-politique-sans-fumee\/\">Appliquer une politique sans fum\u00e9e<\/a><\/li><li><a href=\"https:\/\/smokefreehousingon.ca\/fr\/agir-contre\/cooperatives\/deposer-une-requete-aupres-du-tribunal-des-droits-de-la-personne-de-lontario\/\">D\u00e9poser une requ\u00eate aupr\u00e8s du Tribunal des droits de la personne de l\u2019Ontario<\/a><\/li><\/ul>\t\t\t\t\t\t\t\t<\/div>\n\t\t\t\t<\/div>\n\t\t\t\t\t<\/div>\n\t\t\t\t<\/div>\n\t\t\t\t<\/div>\n\t\t","protected":false},"excerpt":{"rendered":"<p>Renseignez-vous sur les mesures \u00e0 prendre pour agir contre la fum\u00e9e secondaire dans votre immeuble\u00a0: En savoir plus sur la fum\u00e9e secondaire dans les immeubles \u00e0 logements multiples Comprendre les implications juridiques D\u00e9terminer si la fum\u00e9e est un probl\u00e8me dans votre immeuble Prendre des mesures pour r\u00e9duire la fum\u00e9e secondaire Cr\u00e9er une politique sans fum\u00e9e [&hellip;]<\/p>\n","protected":false},"author":1,"featured_media":0,"parent":4122,"menu_order":0,"comment_status":"closed","ping_status":"closed","template":"","meta":{"footnotes":""},"class_list":["post-4119","page","type-page","status-publish","hentry"],"_links":{"self":[{"href":"https:\/\/smokefreehousingon.ca\/fr\/wp-json\/wp\/v2\/pages\/4119","targetHints":{"allow":["GET"]}}],"collection":[{"href":"https:\/\/smokefreehousingon.ca\/fr\/wp-json\/wp\/v2\/pages"}],"about":[{"href":"https:\/\/smokefreehousingon.ca\/fr\/wp-json\/wp\/v2\/types\/page"}],"author":[{"embeddable":true,"href":"https:\/\/smokefreehousingon.ca\/fr\/wp-json\/wp\/v2\/users\/1"}],"replies":[{"embeddable":true,"href":"https:\/\/smokefreehousingon.ca\/fr\/wp-json\/wp\/v2\/comments?post=4119"}],"version-history":[{"count":0,"href":"https:\/\/smokefreehousingon.ca\/fr\/wp-json\/wp\/v2\/pages\/4119\/revisions"}],"up":[{"embeddable":true,"href":"https:\/\/smokefreehousingon.ca\/fr\/wp-json\/wp\/v2\/pages\/4122"}],"wp:attachment":[{"href":"https:\/\/smokefreehousingon.ca\/fr\/wp-json\/wp\/v2\/media?parent=4119"}],"curies":[{"name":"wp","href":"https:\/\/api.w.org\/{rel}","templated":true}]}}