{"id":32,"date":"2015-11-05T10:45:51","date_gmt":"2015-11-05T14:45:51","guid":{"rendered":"http:\/\/habitationssansfumeeondev.ca\/?page_id=32"},"modified":"2024-11-26T12:15:34","modified_gmt":"2024-11-26T16:15:34","slug":"contactez-nous","status":"publish","type":"page","link":"https:\/\/smokefreehousingon.ca\/fr\/contactez-nous\/","title":{"rendered":"Contactez nous"},"content":{"rendered":"\t\t<div data-elementor-type=\"wp-page\" data-elementor-id=\"32\" class=\"elementor elementor-32 elementor-20\" data-elementor-post-type=\"page\">\n\t\t\t\t<div class=\"elementor-element elementor-element-a1cdb4e e-flex e-con-boxed e-con e-parent\" data-id=\"a1cdb4e\" data-element_type=\"container\" data-e-type=\"container\" data-settings=\"{&quot;background_background&quot;:&quot;classic&quot;}\">\n\t\t\t\t\t<div class=\"e-con-inner\">\n\t\t\t\t<div class=\"elementor-element elementor-element-cfb617d elementor-widget elementor-widget-heading\" data-id=\"cfb617d\" data-element_type=\"widget\" data-e-type=\"widget\" data-widget_type=\"heading.default\">\n\t\t\t\t<div class=\"elementor-widget-container\">\n\t\t\t\t\t<h1 class=\"elementor-heading-title elementor-size-default\">Contactez nous<\/h1>\t\t\t\t<\/div>\n\t\t\t\t<\/div>\n\t\t\t\t<div class=\"elementor-element elementor-element-790ffe0 elementor-align-left elementor-mobile-align-center elementor-widget elementor-widget-breadcrumbs\" data-id=\"790ffe0\" data-element_type=\"widget\" data-e-type=\"widget\" data-widget_type=\"breadcrumbs.default\">\n\t\t\t\t<div class=\"elementor-widget-container\">\n\t\t\t\t\t<nav aria-label=\"breadcrumbs\" class=\"rank-math-breadcrumb\"><p><span class=\"label\">Retour \u00e0<\/span> <span class=\"last\">Accueil<\/span><\/p><\/nav>\t\t\t\t<\/div>\n\t\t\t\t<\/div>\n\t\t\t\t\t<\/div>\n\t\t\t\t<\/div>\n\t\t<div class=\"elementor-element elementor-element-1bfc20f spacebullets e-flex e-con-boxed e-con e-parent\" data-id=\"1bfc20f\" data-element_type=\"container\" data-e-type=\"container\">\n\t\t\t\t\t<div class=\"e-con-inner\">\n\t\t\t\t<div class=\"elementor-element elementor-element-cf44800 elementor-widget__width-initial elementor-widget elementor-widget-text-editor\" data-id=\"cf44800\" data-element_type=\"widget\" data-e-type=\"widget\" data-widget_type=\"text-editor.default\">\n\t\t\t\t<div class=\"elementor-widget-container\">\n\t\t\t\t\t\t\t\t\t<p>Si vous avez une h\u00e9sitation concernant la fum\u00e9e de tabac secondaire en Ontario, nous avons peut-\u00eatre une r\u00e9ponse pour vous. Reportez-vous aux Questions courantes dans les sections\u00a0<a href=\"https:\/\/smokefreehousingon.ca\/fr\/locataires\/questions-courantes\/\">Locataires<\/a>,\u00a0<a href=\"https:\/\/smokefreehousingon.ca\/fr\/locateurs\/questions-courantes\/\">Locateurs<\/a>,\u00a0<a href=\"https:\/\/smokefreehousingon.ca\/fr\/condominiums\/questions-courantes\/\">Condominiums<\/a>\u00a0ou\u00a0<a href=\"https:\/\/smokefreehousingon.ca\/fr\/cooperatives-dhabitation\/questions-courantes\/\">Coop\u00e9ratives d\u2019habitation<\/a>. Vous pouvez \u00e9galement nous \u00e9crire.<\/p>\t\t\t\t\t\t\t\t<\/div>\n\t\t\t\t<\/div>\n\t\t\t\t<div class=\"elementor-element elementor-element-38c70bb elementor-widget__width-initial elementor-position-top elementor-widget elementor-widget-image-box\" data-id=\"38c70bb\" data-element_type=\"widget\" data-e-type=\"widget\" data-widget_type=\"image-box.default\">\n\t\t\t\t<div class=\"elementor-widget-container\">\n\t\t\t\t\t<div class=\"elementor-image-box-wrapper\"><figure class=\"elementor-image-box-img\"><a href=\"http:\/\/www.alphaweb.org\/?page=PHU\" target=\"_blank\" rel=\"nofollow noopener\" tabindex=\"-1\"><img decoding=\"async\" width=\"200\" height=\"136\" src=\"https:\/\/smokefreehousingon.ca\/wp-content\/uploads\/2024\/11\/logo-alpha-1.png\" class=\"attachment-full size-full wp-image-6086\" alt=\"\" \/><\/a><\/figure><div class=\"elementor-image-box-content\"><p class=\"elementor-image-box-description\">Pour contacter votre bureau de sant\u00e9 publique local si vous avez d'autres questions, veuillez consulter le r\u00e9pertoire des bureaux de sant\u00e9 publique.<\/p><\/div><\/div>\t\t\t\t<\/div>\n\t\t\t\t<\/div>\n\t\t\t\t\t<\/div>\n\t\t\t\t<\/div>\n\t\t\t\t<\/div>\n\t\t","protected":false},"excerpt":{"rendered":"<p>Back to Home Si vous avez une h\u00e9sitation concernant la fum\u00e9e de tabac secondaire en Ontario, nous avons peut-\u00eatre une r\u00e9ponse pour vous. Reportez-vous aux Questions courantes dans les sections\u00a0Locataires,\u00a0Locateurs,\u00a0Condominiums\u00a0ou\u00a0Coop\u00e9ratives d\u2019habitation. Vous pouvez \u00e9galement nous \u00e9crire. Pour contacter votre bureau de sant\u00e9 publique local si vous avez d&rsquo;autres questions, veuillez consulter le r\u00e9pertoire des bureaux [&hellip;]<\/p>\n","protected":false},"author":1,"featured_media":0,"parent":0,"menu_order":5,"comment_status":"closed","ping_status":"closed","template":"","meta":{"footnotes":""},"class_list":["post-32","page","type-page","status-publish","hentry"],"_links":{"self":[{"href":"https:\/\/smokefreehousingon.ca\/fr\/wp-json\/wp\/v2\/pages\/32","targetHints":{"allow":["GET"]}}],"collection":[{"href":"https:\/\/smokefreehousingon.ca\/fr\/wp-json\/wp\/v2\/pages"}],"about":[{"href":"https:\/\/smokefreehousingon.ca\/fr\/wp-json\/wp\/v2\/types\/page"}],"author":[{"embeddable":true,"href":"https:\/\/smokefreehousingon.ca\/fr\/wp-json\/wp\/v2\/users\/1"}],"replies":[{"embeddable":true,"href":"https:\/\/smokefreehousingon.ca\/fr\/wp-json\/wp\/v2\/comments?post=32"}],"version-history":[{"count":0,"href":"https:\/\/smokefreehousingon.ca\/fr\/wp-json\/wp\/v2\/pages\/32\/revisions"}],"wp:attachment":[{"href":"https:\/\/smokefreehousingon.ca\/fr\/wp-json\/wp\/v2\/media?parent=32"}],"curies":[{"name":"wp","href":"https:\/\/api.w.org\/{rel}","templated":true}]}}