{"id":28,"date":"2015-11-05T10:44:40","date_gmt":"2015-11-05T14:44:40","guid":{"rendered":"http:\/\/habitationssansfumeeondev.ca\/?page_id=28"},"modified":"2024-11-26T12:38:31","modified_gmt":"2024-11-26T16:38:31","slug":"qui-sommes-nous","status":"publish","type":"page","link":"https:\/\/smokefreehousingon.ca\/fr\/qui-sommes-nous\/","title":{"rendered":"Qui sommes-nous"},"content":{"rendered":"\t\t<div data-elementor-type=\"wp-page\" data-elementor-id=\"28\" class=\"elementor elementor-28 elementor-18\" data-elementor-post-type=\"page\">\n\t\t\t\t<div class=\"elementor-element elementor-element-fc76026 e-flex e-con-boxed e-con e-parent\" data-id=\"fc76026\" data-element_type=\"container\" data-e-type=\"container\" data-settings=\"{&quot;background_background&quot;:&quot;classic&quot;}\">\n\t\t\t\t\t<div class=\"e-con-inner\">\n\t\t\t\t<div class=\"elementor-element elementor-element-e9ec43f elementor-widget elementor-widget-heading\" data-id=\"e9ec43f\" data-element_type=\"widget\" data-e-type=\"widget\" data-widget_type=\"heading.default\">\n\t\t\t\t<div class=\"elementor-widget-container\">\n\t\t\t\t\t<h1 class=\"elementor-heading-title elementor-size-default\">Qui sommes-nous<\/h1>\t\t\t\t<\/div>\n\t\t\t\t<\/div>\n\t\t\t\t<div class=\"elementor-element elementor-element-3266662 elementor-align-left elementor-mobile-align-center elementor-widget elementor-widget-breadcrumbs\" data-id=\"3266662\" data-element_type=\"widget\" data-e-type=\"widget\" data-widget_type=\"breadcrumbs.default\">\n\t\t\t\t<div class=\"elementor-widget-container\">\n\t\t\t\t\t<nav aria-label=\"breadcrumbs\" class=\"rank-math-breadcrumb\"><p><span class=\"label\">Retour \u00e0<\/span> <span class=\"last\">Accueil<\/span><\/p><\/nav>\t\t\t\t<\/div>\n\t\t\t\t<\/div>\n\t\t\t\t\t<\/div>\n\t\t\t\t<\/div>\n\t\t<div class=\"elementor-element elementor-element-6dfa2ace spacebullets e-flex e-con-boxed e-con e-parent\" data-id=\"6dfa2ace\" data-element_type=\"container\" data-e-type=\"container\">\n\t\t\t\t\t<div class=\"e-con-inner\">\n\t\t\t\t<div class=\"elementor-element elementor-element-536515f4 elementor-widget elementor-widget-text-editor\" data-id=\"536515f4\" data-element_type=\"widget\" data-e-type=\"widget\" data-widget_type=\"text-editor.default\">\n\t\t\t\t<div class=\"elementor-widget-container\">\n\t\t\t\t\t\t\t\t\t<p>Le site\u00a0<em>Habitations sans fum\u00e9e en Ontario<\/em>\u00a0a \u00e9t\u00e9 cr\u00e9\u00e9 par l\u2019Association pour les droits des non-fumeurs et la Fondation pour la lutte contre le tabac gr\u00e2ce \u00e0 l\u2019aide financi\u00e8re du minist\u00e8re de la Promotion de la sant\u00e9-Ontario sans fum\u00e9e. Nous remercions la Fondation des maladies du c\u0153ur de la Colombie-Britannique et du Yukon (financement de BC Healthy Living Alliance et soutien de ActNow BC) pour son leadership dans la conception et le contenu de ce site Web.<\/p><p>Ce site Web fait partie d\u2019un r\u00e9seau. Nous vous encourageons \u00e0 visiter le site\u00a0<a href=\"http:\/\/www.smokefreehousing.ca\/\" target=\"_blank\" rel=\"noopener\">Smoke-Free Housing Canada<\/a>\u00a0o\u00f9 vous trouverez \u00e9galement des renseignements et des ressources sur les habitations sans fum\u00e9e dans d\u2019autres provinces.<\/p><p>L\u2019<a href=\"http:\/\/www.nsra-adnf.ca\/\" target=\"_blank\" rel=\"noopener\">Association pour les droits des non-fumeurs<\/a>\u00a0est un organisme de sant\u00e9 sans but lucratif qui travaille exclusivement dans le domaine du contr\u00f4le du tabac depuis plus de 30 ans. Sa mission consiste \u00e0 promouvoir la sant\u00e9 publique en r\u00e9duisant la mortalit\u00e9 et la morbidit\u00e9 imputables au tabac, y compris \u00e0 la fum\u00e9e secondaire.<\/p><p><em>Les renseignements et les documents compris dans ce site Web ne servent qu\u2019\u00e0 des fins informatives et ne sont pas destin\u00e9s \u00e0 \u00eatre des conseils juridiques et ne doivent pas \u00eatre interpr\u00e9t\u00e9s comme tels.\u00a0 Ils ne sauraient remplacer l\u2019avis juridique d\u2019un avocat.<\/em><\/p>\t\t\t\t\t\t\t\t<\/div>\n\t\t\t\t<\/div>\n\t\t\t\t\t<\/div>\n\t\t\t\t<\/div>\n\t\t\t\t<\/div>\n\t\t","protected":false},"excerpt":{"rendered":"<p>Back to Home Le site\u00a0Habitations sans fum\u00e9e en Ontario\u00a0a \u00e9t\u00e9 cr\u00e9\u00e9 par l\u2019Association pour les droits des non-fumeurs et la Fondation pour la lutte contre le tabac gr\u00e2ce \u00e0 l\u2019aide financi\u00e8re du minist\u00e8re de la Promotion de la sant\u00e9-Ontario sans fum\u00e9e. Nous remercions la Fondation des maladies du c\u0153ur de la Colombie-Britannique et du Yukon [&hellip;]<\/p>\n","protected":false},"author":1,"featured_media":0,"parent":0,"menu_order":1,"comment_status":"closed","ping_status":"closed","template":"","meta":{"footnotes":""},"class_list":["post-28","page","type-page","status-publish","hentry"],"_links":{"self":[{"href":"https:\/\/smokefreehousingon.ca\/fr\/wp-json\/wp\/v2\/pages\/28","targetHints":{"allow":["GET"]}}],"collection":[{"href":"https:\/\/smokefreehousingon.ca\/fr\/wp-json\/wp\/v2\/pages"}],"about":[{"href":"https:\/\/smokefreehousingon.ca\/fr\/wp-json\/wp\/v2\/types\/page"}],"author":[{"embeddable":true,"href":"https:\/\/smokefreehousingon.ca\/fr\/wp-json\/wp\/v2\/users\/1"}],"replies":[{"embeddable":true,"href":"https:\/\/smokefreehousingon.ca\/fr\/wp-json\/wp\/v2\/comments?post=28"}],"version-history":[{"count":0,"href":"https:\/\/smokefreehousingon.ca\/fr\/wp-json\/wp\/v2\/pages\/28\/revisions"}],"wp:attachment":[{"href":"https:\/\/smokefreehousingon.ca\/fr\/wp-json\/wp\/v2\/media?parent=28"}],"curies":[{"name":"wp","href":"https:\/\/api.w.org\/{rel}","templated":true}]}}